{"id":5095,"date":"2021-04-21T14:54:52","date_gmt":"2021-04-21T14:54:52","guid":{"rendered":"http:\/\/www.ahat.cat\/?page_id=5095"},"modified":"2021-04-30T10:07:18","modified_gmt":"2021-04-30T10:07:18","slug":"5095-2","status":"publish","type":"page","link":"https:\/\/www.ahat.cat\/es\/materiales-y-recursos\/herramientas-de-investigacion\/5095-2\/","title":{"rendered":"Hemeroteca"},"content":{"rendered":"<p>L&#8217;AHAT, conjuntament amb el departament de Mitjans de Comunicaci\u00f3 Social de l&#8217;arquebisbat de Tarragona, gestionen l&#8217;hemeroteca digital, on podeu trobar les publicacions pr\u00f2pies de l&#8217;arxidi\u00f2cesi com el Full Dominical i el Butllet\u00ed Oficial de l&#8217;Arquebisbat de Tarragona, aix\u00ed com els fulls parroquials de cada parr\u00f2quia o d&#8217;entitats d&#8217;esgl\u00e9sia del seu \u00e0mbit territorial.<\/p>\n<p>L&#8217;objectiu es recollir totes les publicacions que actualment s&#8217;editen en format digital, i al mateix temps, anar incorporant en la mesura de les possibilitats t\u00e8cniques i econ\u00f2miques les antigues.<\/p>\n<p>Actualment disposem d&#8217;aquestes 86 cap\u00e7aleres:<\/p>\n<ol>\n<li>Acordaos. Bolet\u00edn Nuestra Se\u00f1ora del Sagrado Coraz\u00f3n de Tarragona (1971)<\/li>\n<li>Aiguaviva. Publicaci\u00f3 de la Parr\u00f2quia de Sant Jaume d\u2019Arbeca (1991\/2020)<\/li>\n<li>Alborada. Suplemento del Bolet\u00edn Eclesi\u00e1stico del Arzobispado de Tarragona (1943)<\/li>\n<li>Antena. Publicaci\u00f3 de la parr\u00f2quia de Sant Feliu, m\u00e0rtir, de Constant\u00ed (2007\/2015)<\/li>\n<li>Anuari. Mem\u00f2ria anual de l\u2019Associaci\u00f3 Cultural Sant Fructu\u00f3s (2011-2019).<\/li>\n<li>Arxiprestat de la Conca de Barbera (1993-1995)<\/li>\n<li>Butllet\u00ed de l&#8217;Esgl\u00e9sia de Sant Ramon de Salou (1994)<\/li>\n<li>Butllet\u00ed informatiu. Comissi\u00f3 c\u00edvica pro restauraci\u00f3 de Santa Maria de Montblanc (2001)<\/li>\n<li>Butllet\u00ed Oficial de l&#8217;Arquebisbat de Tarragona (1860-2021).<\/li>\n<li>Butllet\u00ed parroquial de Sant Fructu\u00f3s de Tarragona (1997\/1998)<\/li>\n<li>Col\u00b7lecci\u00f3 TAU (2001-2020).<\/li>\n<li>Comunitat Cristiana. Esgl\u00e9sia de Sant Antoni de P\u00e0dua de Tarragona. Fraternitat caputxina (1993-1994)<\/li>\n<li>Conect@&#8217;t. Full informatiu dels Arxiprestats Tarragona centre i perif\u00e8ria (2005)<\/li>\n<li>Connecta&#8217;t. Delegaci\u00f3 Diocesana de Lit\u00fargia (2020-2021)<\/li>\n<li>Desde el Colegio. Jes\u00fas-Maria (1969\/1971)<\/li>\n<li>El Candeler. Full informatiu de la Parr\u00f2quia de Sant Joan Baptista de Valls (2005-2019)<\/li>\n<li>El full de la parr\u00f2quia Sant Pau Tarragona (1984\/2021)<\/li>\n<li>El full parroquial del Pont d&#8217;Armentera (1973-1974)<\/li>\n<li>El full. Not\u00edcies de l&#8217;arxiprestat Tarragona Centre (1989\/1994)<\/li>\n<li>El Natzar\u00e8. Butllet\u00ed informatiu de la Reial Germandat de Jes\u00fas Natzar\u00e8 de Tarragona (2013\/2020)<\/li>\n<li>El Pil\u00f3. Full informatiu de la parr\u00f2quia de Sant Esteve de Vila-seca (2012-2020)<\/li>\n<li>El Pont Alt. Full informatiu del Grup de joves Verge de Paret-Delgada de la Selva del Camp (1979\/1991)<\/li>\n<li>El Precursor. Full informatiu de la Parr\u00f2quia de Sant Joan Baptista de Tarragona (1948\/2021)<\/li>\n<li>El Tern Vermell. Butllet\u00ed informatiu de l&#8217;Associaci\u00f3 Cultural Sant Fructu\u00f3s (2003\/2020)<\/li>\n<li>Exs\u00faltet. Full informatiu de les parr\u00f2quies de Sant Pere i la Pur\u00edssima Sang de Reus (2009\/2017)<\/li>\n<li>Full del Claustre. Capella i confraria de la Mare de D\u00e9u del Claustre de la Catedral de Tarragona (1988)<\/li>\n<li>Full dominical (2007-2021)<\/li>\n<li>Full informatiu de la parr\u00f2quia de Sant Joan Baptista de Reus (1991\/2006)<\/li>\n<li>Full informatiu de la parr\u00f2quia de Sant Salvador del Vendrell (1979-2021)<\/li>\n<li>Full informatiu de les parr\u00f2quies de Sant Joan, Sant Antoni el Carme de Valls (1998-2003)<\/li>\n<li>Full informatiu de les obres de l&#8217;Esgl\u00e9sia de Sant Joan de Valls (1999)<\/li>\n<li>Full informatiu Seminari de Tarragona (1982\/2004)<\/li>\n<li>Full informatiu. Parr\u00f2quia de Santa Maria de Mald\u00e0 (2007\/2010)<\/li>\n<li>Full parroquial de Sant Feliu, m\u00e0rtir de Constant\u00ed (1916-1967)<\/li>\n<li>Full parroquial de Sant Francesc d&#8217;A. de Tarragona (1994\/2007)<\/li>\n<li>Full parroquial de Sant Joan Baptista de Reus (2018-2019)<\/li>\n<li>Full parroquial de la Sant\u00edssima Trinitat de Tarragona (1998)<\/li>\n<li>Full parroquial de Querol (1975)<\/li>\n<li>Full parroquial de Sant Josep Obrer de Torreforta (1969\/1992)<\/li>\n<li>Full parroquial de Santa Coloma de Queralt (1997-2018)<\/li>\n<li>Full parroquial de Santa Maria de Barber\u00e0 de la Conca (2006-2207)<\/li>\n<li>Full parroquial de Santa Maria la Major de Montblanc (1983\/2020)<\/li>\n<li>Full parroquial d&#8217;Esblada (1975)<\/li>\n<li>Full parroquial. Part oriental de la vall del riu Corb. Guimer\u00e0, Ciutadilla, Vallfogona de Riucorb i Passanant (2003-2010)<\/li>\n<li>Gaudia. Revista cultural Portaveu dels Gogistes tarragonins (1985\/2020)<\/li>\n<li>Gavella. Full informatiu de la Fraternitat Cristiana de Malalts de Tarragona (1985\/2005)<\/li>\n<li>Gran Familia Sacerdotal (1986\/2003)<\/li>\n<li>La Fraterna. Butllet\u00ed de la parr\u00f2quia de Sant Fructu\u00f3s de Tarragona (2005)<\/li>\n<li>La nostra comunitat. Portaveu de la parr\u00f2quia de Sant Pere ap\u00f2stol de Torredembarra (1977\/2016)<\/li>\n<li>La Parr\u00f2quia. Full informatiu de la parr\u00f2quia de Sant Salvador de Tarragona (1995)<\/li>\n<li>La Parr\u00f2quia. Full parroquial mensual de la parr\u00f2quia de Sant Fructu\u00f3s de Tarragona (2019-2021)<\/li>\n<li>La Quaresma de Tarragona. Butllet\u00ed setmana de propaganda religiosa (1930)<\/li>\n<li>La Sang informa. Full informatiu de la Reial i Venereable Congregaci\u00f3 de la Pur\u00edssima Sang de Nostre Senyor Jesucrist de Tarragona (2015-2017)<\/li>\n<li>La Sang. Revista de la Reial i Venerable Congregaci\u00f3 de la Pur\u00edssima Sang de Nostre Senyor Jesucrist de Tarragona (1987\/2020)<\/li>\n<li>La Veu de la Parr\u00f2quia. Full parroquial de Crist Rei de Reus (1998)<\/li>\n<li>La Veu de la parr\u00f2quia. Full parroquial de les parr\u00f2quies dels Omells de na Gaia i Senan (1947-1950)<\/li>\n<li>L&#8217;Isard (1963-1964)<\/li>\n<li>Llen\u00e7a-t\u2019hi. Publicaci\u00f3 del Grup de joves de la parr\u00f2quia de Sant Pau de Tarragona (2008\/2013)<\/li>\n<li>Mem\u00f2ria de la Delegaci\u00f3 Diocesana de Missions (1963\/1989)<\/li>\n<li>Mireu. Publicaci\u00f3 de la parr\u00f2quia de Sant Joan Baptista de Reus (2011\/2019)<\/li>\n<li>Missatge (1980\/1983)<\/li>\n<li>Opuscle de Setmana Santa de la Cofrad\u00eda del Cristo del Buen Amor i Nuestra Se\u00f1ora de la Amargura con San Juan Evangelista de Tarragona (1996).<\/li>\n<li>Opuscle de Setmana Santa de la Congregaci\u00f3 de Senyores sota la Invocaci\u00f3 de la Pur\u00edssima Sang de Nostre Senyor Jesucrist i de la Mare de D\u00e9u de la Soledat (2004\/2020)<\/li>\n<li>Opuscle de Setmana Santa de la Germandat de Nostre Pare Jes\u00fas de la Passi\u00f3 (2000)<\/li>\n<li>Opuscle de Setmana Santa de la Germandat del Sant Ecce-Homo de Tarragona (2008)<\/li>\n<li>Opuscle de Setmana Santa de la Germi de Marejants. Societat mar\u00edtima i protectora (1990)<\/li>\n<li>Opuscle de Setmana Santa de la Gremi de Pagesos de Sant Lloren\u00e7 i Sant Isidre de Tarragona (1989\/2003)<\/li>\n<li>Opuscle de Setmana Santa de la Il\u00b7lustre Confraria de Sant Mag\u00ed m\u00e0rtir de Barcelona (1972\/1979)<\/li>\n<li>Opuscle de Setmana Santa de la Reial Germandat de Jes\u00fas Natzar\u00e8 de Tarragona (1971\/2018)<\/li>\n<li>Opuscle de Setmana Santa de l&#8217;Agrupaci\u00f3 d&#8217;Associacions de Setmana Santa de Tarragona (1955\/2004)<\/li>\n<li>Opuscle de Setmana Santa de l&#8217;Associaci\u00f3 La Salle (1994)<\/li>\n<li>Opuscle semblan\u00e7a Mn. Joan Compte Plana (2013)<\/li>\n<li>Pau i B\u00e9. Full informatiu de la Fraternitat Franciscana seglar de Tarragona (1993)<\/li>\n<li>Pedres Vives. Revista de la Capella de la Mare de D\u00e9u del Claustre de Tarragona (1996\/2020)<\/li>\n<li>Poblet (1947\/2018)<\/li>\n<li>Posa&#8217;t la parr\u00f2quia a la butxaca. Full d&#8217;informaci\u00f3 de la parr\u00f2quia de Sant Bernat Calb\u00f3 de Reus (2018)<\/li>\n<li>Quinque libri. Butllet\u00ed informatiu de l&#8217;Arxiu Hist\u00f2ric Arxidioces\u00e0 de Tarragona (2007)<\/li>\n<li>Ress\u00f2 parroquial. Cr\u00f2nica de les parr\u00f2quies dels Omells de na Gaia i Senan (1950-1952)<\/li>\n<li>Ress\u00f2 parroquial. Full informatiu de les agrupacions parroquials d&#8217;Alcover, el Mil\u00e0 Mont-ral, Farena, la Riba, Picamoixons, Fonstcaldes, Masmolets i la Mas\u00f3 (2014-2017)<\/li>\n<li>Revista Confraria de Sant Mag\u00ed de Tarragona (2014-2015)<\/li>\n<li>Revista Esgl\u00e9sia de Tarragona (1987-2020)<\/li>\n<li>Tarragona missionera (1979\/1992)<\/li>\n<li>Un patrimoni espiritual. Portaveu informatiu de l&#8217;Associaci\u00f3 d&#8217;Amics de Maria Mullerat (2002-2005).<\/li>\n<li>Veu de la parr\u00f2quia. Full parroquial de Lloren\u00e7 del Pened\u00e8s (1969\/1976)<\/li>\n<li>Vida Creixent Moviment Cristi\u00e0 de Gent Gran Fulls informatius, d&#8217;opini\u00f3 i pensament cristi\u00e0 (2016)<\/li>\n<li>Vida parroquial. Editat per la parr\u00f2quia de Sant Mart\u00ed bisbe del Morell (1979)<\/li>\n<\/ol>\n<p>Si teniu publicacions de la vostra parr\u00f2quia o entitat d&#8217;esgl\u00e9sia ens seria de gran ajuda poder disposar d&#8217;elles per tal de completar les col\u00b7leccions de publicacions peri\u00f2diques de l&#8217;AHAT. Per m\u00e9s informaci\u00f3 poseu-vos en contacte amb nosaltres a trav\u00e9s del seg\u00fcent correu: arxiu.historic@arqtgn.cat<\/p>\n<p>Per consultar l&#8217;hemeroteca cliqueu sobre la imatge<\/p>\n<p><a href=\"http:\/\/hemeroteca.arqtgn.cat\/\" target=\"_blank\" rel=\"noopener noreferrer\"><img loading=\"lazy\" decoding=\"async\" class=\"aligncenter wp-image-3345 size-large\" src=\"http:\/\/ahat.wp.arqtgn.cat\/wp-content\/uploads\/sites\/21\/2018\/10\/repositoriDigital-1024x314.jpg\" alt=\"\" width=\"640\" height=\"196\" srcset=\"https:\/\/www.ahat.cat\/wp-content\/uploads\/sites\/21\/2018\/10\/repositoriDigital-1024x314.jpg 1024w, https:\/\/www.ahat.cat\/wp-content\/uploads\/sites\/21\/2018\/10\/repositoriDigital-300x92.jpg 300w, https:\/\/www.ahat.cat\/wp-content\/uploads\/sites\/21\/2018\/10\/repositoriDigital-768x236.jpg 768w, https:\/\/www.ahat.cat\/wp-content\/uploads\/sites\/21\/2018\/10\/repositoriDigital.jpg 1205w\" sizes=\"auto, (max-width: 640px) 100vw, 640px\" \/><\/a><\/p>\n","protected":false},"excerpt":{"rendered":"<p>L&#8217;AHAT, conjuntament amb el departament de Mitjans de Comunicaci\u00f3 Social de l&#8217;arquebisbat de Tarragona, gestionen l&#8217;hemeroteca digital, on podeu trobar les publicacions pr\u00f2pies de l&#8217;arxidi\u00f2cesi com el Full Dominical i el Butllet\u00ed Oficial de l&#8217;Arquebisbat de Tarragona, aix\u00ed com els fulls parroquials de cada parr\u00f2quia o d&#8217;entitats d&#8217;esgl\u00e9sia del seu \u00e0mbit territorial. L&#8217;objectiu es recollir [&hellip;]<\/p>\n","protected":false},"author":35,"featured_media":0,"parent":5428,"menu_order":0,"comment_status":"closed","ping_status":"closed","template":"","meta":{"footnotes":""},"class_list":["post-5095","page","type-page","status-publish","hentry"],"amp_enabled":true,"_links":{"self":[{"href":"https:\/\/www.ahat.cat\/es\/wp-json\/wp\/v2\/pages\/5095","targetHints":{"allow":["GET"]}}],"collection":[{"href":"https:\/\/www.ahat.cat\/es\/wp-json\/wp\/v2\/pages"}],"about":[{"href":"https:\/\/www.ahat.cat\/es\/wp-json\/wp\/v2\/types\/page"}],"author":[{"embeddable":true,"href":"https:\/\/www.ahat.cat\/es\/wp-json\/wp\/v2\/users\/35"}],"replies":[{"embeddable":true,"href":"https:\/\/www.ahat.cat\/es\/wp-json\/wp\/v2\/comments?post=5095"}],"version-history":[{"count":16,"href":"https:\/\/www.ahat.cat\/es\/wp-json\/wp\/v2\/pages\/5095\/revisions"}],"predecessor-version":[{"id":5225,"href":"https:\/\/www.ahat.cat\/es\/wp-json\/wp\/v2\/pages\/5095\/revisions\/5225"}],"up":[{"embeddable":true,"href":"https:\/\/www.ahat.cat\/es\/wp-json\/wp\/v2\/pages\/5428"}],"wp:attachment":[{"href":"https:\/\/www.ahat.cat\/es\/wp-json\/wp\/v2\/media?parent=5095"}],"curies":[{"name":"wp","href":"https:\/\/api.w.org\/{rel}","templated":true}]}}