{"id":3704,"date":"2015-02-05T10:50:48","date_gmt":"2015-02-05T10:50:48","guid":{"rendered":"http:\/\/www.ahat.cat\/catalogos\/"},"modified":"2019-01-24T16:59:36","modified_gmt":"2019-01-24T16:59:36","slug":"catalogos","status":"publish","type":"page","link":"https:\/\/www.ahat.cat\/es\/materiales-y-recursos\/catalogos\/","title":{"rendered":"Cat\u00e1logos"},"content":{"rendered":"<h3 style=\"text-align: justify\"><strong><a href=\"http:\/\/ahat.wp.arqtgn.cat\/wp-content\/uploads\/sites\/21\/2014\/04\/inventari_sagramentals_01102013.pdf\" target=\"_blank\" rel=\"noopener\"><img loading=\"lazy\" decoding=\"async\" class=\"alignleft wp-image-521 size-medium\" src=\"http:\/\/ahat.wp.arqtgn.cat\/wp-content\/uploads\/sites\/21\/2014\/04\/sgramentals-211x300.jpg\" alt=\"sgramentals\" width=\"211\" height=\"300\" \/><\/a>Inventari dels llibres sagramentals dipositats a l\u2019AHAT<\/strong><\/h3>\n<p style=\"text-align: justify\">Nom\u00e9s es poden consultar els llibres sagramentals\u00a0anteriors a 100 anys de l\u2019any en curs, d\u2019acord amb la\u00a0<strong>Llei Org\u00e0<\/strong><strong>nica de Protecci\u00f3 de Dades de Car\u00e0cter\u00a0Personal 15\/1999<\/strong> i\u00a0la\u00a0<strong><span class=\"il\">Llei<\/span>\u00a0Org\u00e0nica de protecci\u00f3 civil del dret a\u00a0l&#8217;<span class=\"il\">honor<\/span>, a la intimitat personal i familiar i a la pr\u00f2pia imatge\u00a01\/1982<\/strong>.<\/p>\n<p style=\"text-align: justify\"><strong>A partir de 1870 tamb\u00e9 es pot consultar el Registre Civil\u00a0de la poblaci\u00f3<\/strong>. A partir d\u2019aleshores els llibres\u00a0sagramentals nom\u00e9s registren el nom d\u2019aquells\/es que\u00a0reben sagraments dins de l\u2019Esgl\u00e9sia Cat\u00f2lica. Aix\u00ed\u00a0doncs, progressivament una part de la poblaci\u00f3 deixa\u00a0d\u2019apar\u00e8ixer en aquests registres.<\/p>\n<p style=\"text-align: justify\">Actualitzat l\u20191\u00a0\u00a0d\u2019octubre de 2013.<\/p>\n<hr \/>\n<h3 style=\"text-align: justify\"><strong><a href=\"http:\/\/ahat.wp.arqtgn.cat\/wp-content\/uploads\/sites\/21\/2014\/04\/Inventari_dels_Manuals_Notarials_dipositats_a_lAHAT.pdf\" target=\"_blank\" rel=\"noopener\"><img loading=\"lazy\" decoding=\"async\" class=\"alignleft wp-image-518 size-medium\" src=\"http:\/\/ahat.wp.arqtgn.cat\/wp-content\/uploads\/sites\/21\/2014\/04\/notarials-214x300.jpg\" alt=\"notarials\" width=\"214\" height=\"300\" srcset=\"https:\/\/www.ahat.cat\/wp-content\/uploads\/sites\/21\/2014\/04\/notarials-214x300.jpg 214w, https:\/\/www.ahat.cat\/wp-content\/uploads\/sites\/21\/2014\/04\/notarials-732x1024.jpg 732w, https:\/\/www.ahat.cat\/wp-content\/uploads\/sites\/21\/2014\/04\/notarials.jpg 1328w\" sizes=\"auto, (max-width: 214px) 100vw, 214px\" \/><\/a>Inventari dels protocols notarials de l\u2019AHAT<\/strong><\/h3>\n<p style=\"text-align: justify\">Des de temps immemorials a l&#8217;arxidi\u00f2cesi de Tarragona els rectors on no hi havia notaria reial exercien de notaris. Les notaries rurals duraren fins a la seva supressi\u00f3 per reial decret del 29 de novembre de 1736, conservant els rectors de la Corona d&#8217;Arag\u00f3 l&#8217;obligaci\u00f3 de fer testaments, facultat que va ser abolida l&#8217;1 de gener del 2009 amb el nou Codi de Dret Civil de Catalunya.<\/p>\n<p style=\"text-align: justify\">Inventari publicat l\u2019any 1987 pel Departament de Cultura de la Generalitat de Catalunya dins la Col\u00b7lecci\u00f3 Cat\u00e0legs-Inventaris d\u2019Arxius Eclesi\u00e0stics de Catalunya, n\u00fam. 4.<\/p>\n<hr \/>\n<h3 style=\"text-align: justify\"><strong><a href=\"http:\/\/ahat.wp.arqtgn.cat\/wp-content\/uploads\/sites\/21\/2014\/04\/Inventari_dels_processos_de_lAHAT.pdf\" target=\"_blank\" rel=\"noopener\"><img loading=\"lazy\" decoding=\"async\" class=\"alignleft wp-image-518 size-medium\" src=\"http:\/\/ahat.wp.arqtgn.cat\/wp-content\/uploads\/sites\/21\/2014\/04\/notarials-214x300.jpg\" alt=\"notarials\" width=\"214\" height=\"300\" srcset=\"https:\/\/www.ahat.cat\/wp-content\/uploads\/sites\/21\/2014\/04\/notarials-214x300.jpg 214w, https:\/\/www.ahat.cat\/wp-content\/uploads\/sites\/21\/2014\/04\/notarials-732x1024.jpg 732w, https:\/\/www.ahat.cat\/wp-content\/uploads\/sites\/21\/2014\/04\/notarials.jpg 1328w\" sizes=\"auto, (max-width: 214px) 100vw, 214px\" \/><\/a>Inventari dels processos de l\u2019AHAT<\/strong><\/h3>\n<p>Processos de la C\u00faria del Vicariat Eclesi\u00e0stic de Tarragona dels segles XV al XVIII. Una gran part dels processos es van perdre el 1813 quan els francesos en evacuar la ciutat van dinamitar el palau arquebisbal i les oficines de la c\u00faria \u00a0eclesi\u00e0stica.<\/p>\n<p>Inventari publicat l\u2019any 1990 pel Departament de Cultura de la Generalitat de Catalunya dins la Col\u00b7lecci\u00f3 Cat\u00e0legs-Inventaris d\u2019Arxius Eclesi\u00e0stics de Catalunya, n\u00fam. 7.<strong>\u00a0<\/strong><\/p>\n<p>&nbsp;<\/p>\n<div class=\"entry-content\" style=\"text-align: justify\">\n<hr \/>\n<\/div>\n<h3 style=\"text-align: justify\"><strong><a href=\"http:\/\/ahat.wp.arqtgn.cat\/wp-content\/uploads\/sites\/21\/2014\/04\/Llibres-de-decrets-i-manaments-de-visites-pastoralsdoc.pdf\" target=\"_blank\" rel=\"noopener\"><img loading=\"lazy\" decoding=\"async\" class=\"alignleft wp-image-522 size-medium\" src=\"http:\/\/ahat.wp.arqtgn.cat\/wp-content\/uploads\/sites\/21\/2014\/04\/vparquebisbes-210x300.jpg\" alt=\"vparquebisbes\" width=\"210\" height=\"300\" srcset=\"https:\/\/www.ahat.cat\/wp-content\/uploads\/sites\/21\/2014\/04\/vparquebisbes-210x300.jpg 210w, https:\/\/www.ahat.cat\/wp-content\/uploads\/sites\/21\/2014\/04\/vparquebisbes.jpg 449w\" sizes=\"auto, (max-width: 210px) 100vw, 210px\" \/><\/a>Inventari dels llibres de visites pastorals del fons Arquebisbes<\/strong><\/h3>\n<p>En aquest inventari\u00a0es recullen totes les visites pastorals des del segle XV (fragmentaries) fins a principis del segle XX que conservaven els arquebisbes en el seu arxiu. S&#8217;ha de tenir en compte que una gran part de les visites anteriors a l segle XIX es perderen l&#8217;any 1813 quan els francesos, retirant-se de la ciutat de Tarragona, dinamitaren el palau arquebisbal i el castell del Patriarca.<\/p>\n<p>La visita pastoral \u00e9s el deure episcopal de visitar la pr\u00f2pia di\u00f2cesi, fonamentat en el costum antic, fou sancionat en diversos concilis de Tarragona (516, 1230, 1239, etc). El terme d\u2019un any previst per a una ronda completa de visites es dobl\u00e0 despr\u00e9s del Concili de Trento i s\u2019ampli\u00e0 a un quinquenni. Es poden distingir diversos per\u00edodes, segons que el visitador pos\u00e9s l\u2019inter\u00e8s a vetllar per la conducta de les persones (s XIII-1350) o a descobrir l\u2019estat dels edificis, el mobiliari lit\u00fargic, el personal i les fundacions (1350-1800), o b\u00e9 es bas\u00e9s en q\u00fcestionaris contestats pr\u00e8viament pels rectors.<\/p>\n<p style=\"text-align: justify\">Actualitzat el 12 de juny de 2012.<\/p>\n<hr \/>\n<h3 style=\"text-align: justify\"><strong><a href=\"http:\/\/ahat.wp.arqtgn.cat\/wp-content\/uploads\/sites\/21\/2014\/04\/inventari_visites_pastorals_parroquies_12_06_2012.pdf\" target=\"_blank\" rel=\"noopener\"><img loading=\"lazy\" decoding=\"async\" class=\"alignleft wp-image-523 size-medium\" src=\"http:\/\/ahat.wp.arqtgn.cat\/wp-content\/uploads\/sites\/21\/2014\/04\/vpparroquies-211x300.jpg\" alt=\"vpparroquies\" width=\"211\" height=\"300\" srcset=\"https:\/\/www.ahat.cat\/wp-content\/uploads\/sites\/21\/2014\/04\/vpparroquies-211x300.jpg 211w, https:\/\/www.ahat.cat\/wp-content\/uploads\/sites\/21\/2014\/04\/vpparroquies.jpg 450w\" sizes=\"auto, (max-width: 211px) 100vw, 211px\" \/><\/a>Inventari dels llibres de visites pastorals dels fons Parroquials<\/strong><\/h3>\n<p>Aquests llibres de visites pastorals s\u00f3n els propis de cada parr\u00f2quia i que el rector tenia l&#8217;obligaci\u00f3 de fer i conservar a l&#8217;arxiu parroquial. La gran majoria comencen a finals del segle XVII.<\/p>\n<div class=\"entry-content\" style=\"text-align: justify\">\n<p>Actualitzat el 12 de juny de 2012.<\/p>\n<\/div>\n<div class=\"entry-content\" style=\"text-align: justify\">\n<hr \/>\n<h3 class=\"entry-header\"><strong><a href=\"http:\/\/ahat.wp.arqtgn.cat\/wp-content\/uploads\/sites\/21\/2014\/04\/Inventari_dels_Registre_de_Negocis_de_lAHAT.pdf\" target=\"_blank\" rel=\"noopener\"><img loading=\"lazy\" decoding=\"async\" class=\"alignleft wp-image-520 size-medium\" src=\"http:\/\/ahat.wp.arqtgn.cat\/wp-content\/uploads\/sites\/21\/2014\/04\/regnegocis-211x300.jpg\" alt=\"regnegocis\" width=\"211\" height=\"300\" srcset=\"https:\/\/www.ahat.cat\/wp-content\/uploads\/sites\/21\/2014\/04\/regnegocis-211x300.jpg 211w, https:\/\/www.ahat.cat\/wp-content\/uploads\/sites\/21\/2014\/04\/regnegocis.jpg 470w\" sizes=\"auto, (max-width: 211px) 100vw, 211px\" \/><\/a>Inventari dels Registres de Negocis<\/strong><\/h3>\n<div class=\"entry-content\">La secci\u00f3 de Registres de Negocis est\u00e0 composta pels llibres de registres de tots els documents expedits\u00a0pels arquebisbes o pels seus vicaris generals.La col\u00b7lecci\u00f3, desgraciadament est\u00e0 molt fragmentada a causa de la voladura del Palau Arquebisbal en evacuar Tarragona els francesos l\u2019any 1813. L\u2019esmentada secci\u00f3 es compon de setanta-quatre llibres que actualment comen\u00e7a amb un registre de l\u2019arquebisbe Joan d\u2019Arag\u00f3 de l\u2019any 1330-1331, i acaba amb un del Vicari General de l\u2019arquebisbe Echanove dels anys 1850-1857.El n\u00fam. 12 \u00e9s un registre de Gr\u00e0cies Apost\u00f2liques del Papa Lluna que compr\u00e8n els anys que van del 1396\u00a0al 1418.<\/div>\n<\/div>\n<hr \/>\n<h3 class=\"entry-header\"><strong><a href=\"http:\/\/ahat.wp.arqtgn.cat\/wp-content\/uploads\/sites\/21\/2018\/10\/InventariRamonSalasRicoma.pdf\" target=\"_blank\" rel=\"noopener\"><img loading=\"lazy\" decoding=\"async\" class=\"alignleft wp-image-3349\" src=\"http:\/\/ahat.wp.arqtgn.cat\/wp-content\/uploads\/sites\/21\/2018\/10\/rico-235x300.jpg\" alt=\"\" width=\"211\" height=\"270\" srcset=\"https:\/\/www.ahat.cat\/wp-content\/uploads\/sites\/21\/2018\/10\/rico-235x300.jpg 235w, https:\/\/www.ahat.cat\/wp-content\/uploads\/sites\/21\/2018\/10\/rico.jpg 647w\" sizes=\"auto, (max-width: 211px) 100vw, 211px\" \/><\/a>Inventari de l&#8217;Arquitecte Ramon Salas i Ricom\u00e0<\/strong><\/h3>\n<div class=\"entry-content\">El dia 26 d\u2019abril de 1928 va ser cedit el fons documental de l\u2019arquitecte Ramon Salas a l\u2019Arxiu Hist\u00f2ric Arxidioces\u00e0 de Tarragona (AHAT) per part dels hereus de la germana de l\u2019esmentat arquitecte. En aquest inventari trobareu documentaci\u00f3, principalment de la seva activitat professional i tamb\u00e9 de l&#8217;\u00e0mbit privat. Fou arquitecte municipal de Tarragona, de la provincia i de l&#8217;arquebisbat de Tarragona.<\/div>\n","protected":false},"excerpt":{"rendered":"<p>Inventari dels llibres sagramentals dipositats a l\u2019AHAT Nom\u00e9s es poden consultar els llibres sagramentals\u00a0anteriors a 100 anys de l\u2019any en curs, d\u2019acord amb la\u00a0Llei Org\u00e0nica de Protecci\u00f3 de Dades de Car\u00e0cter\u00a0Personal 15\/1999 i\u00a0la\u00a0Llei\u00a0Org\u00e0nica de protecci\u00f3 civil del dret a\u00a0l&#8217;honor, a la intimitat personal i familiar i a la pr\u00f2pia imatge\u00a01\/1982. A partir de 1870 tamb\u00e9 [&hellip;]<\/p>\n","protected":false},"author":35,"featured_media":0,"parent":3686,"menu_order":0,"comment_status":"closed","ping_status":"closed","template":"","meta":{"footnotes":""},"class_list":["post-3704","page","type-page","status-publish","hentry"],"amp_enabled":true,"_links":{"self":[{"href":"https:\/\/www.ahat.cat\/es\/wp-json\/wp\/v2\/pages\/3704","targetHints":{"allow":["GET"]}}],"collection":[{"href":"https:\/\/www.ahat.cat\/es\/wp-json\/wp\/v2\/pages"}],"about":[{"href":"https:\/\/www.ahat.cat\/es\/wp-json\/wp\/v2\/types\/page"}],"author":[{"embeddable":true,"href":"https:\/\/www.ahat.cat\/es\/wp-json\/wp\/v2\/users\/35"}],"replies":[{"embeddable":true,"href":"https:\/\/www.ahat.cat\/es\/wp-json\/wp\/v2\/comments?post=3704"}],"version-history":[{"count":2,"href":"https:\/\/www.ahat.cat\/es\/wp-json\/wp\/v2\/pages\/3704\/revisions"}],"predecessor-version":[{"id":4379,"href":"https:\/\/www.ahat.cat\/es\/wp-json\/wp\/v2\/pages\/3704\/revisions\/4379"}],"up":[{"embeddable":true,"href":"https:\/\/www.ahat.cat\/es\/wp-json\/wp\/v2\/pages\/3686"}],"wp:attachment":[{"href":"https:\/\/www.ahat.cat\/es\/wp-json\/wp\/v2\/media?parent=3704"}],"curies":[{"name":"wp","href":"https:\/\/api.w.org\/{rel}","templated":true}]}}