{"id":3692,"date":"2014-02-03T15:59:36","date_gmt":"2014-02-03T15:59:36","guid":{"rendered":"http:\/\/www.ahat.cat\/quieres-donar-tus-documentos-al-archivo\/"},"modified":"2014-02-03T15:59:36","modified_gmt":"2014-02-03T15:59:36","slug":"quieres-donar-tus-documentos-al-archivo","status":"publish","type":"page","link":"https:\/\/www.ahat.cat\/es\/colabora\/quieres-donar-tus-documentos-al-archivo\/","title":{"rendered":"\u00bfQuieres donar tus documentos al Archivo?"},"content":{"rendered":"<p class=\"vspace\" style=\"color: #000000; text-align: justify;\">El <strong>Arxiu Hist\u00f2ric Arxidioces\u00e0 de Tarragona<\/strong> (AHAT) <strong>es una instituci\u00f3n cultural, sin \u00e1nimo de lucro<\/strong>, perteneciente al Arzobispado de Tarragona, cuya finalidad es <strong>conservar, restaurar y facilitar el acceso y la consulta de los fondos documentales que tiene en el dep\u00f3sito<\/strong>.<\/p>\n<p class=\"vspace\" style=\"color: #000000; text-align: justify;\">El AHAT <strong>custodia fondos documentales de procedencia diversa, tanto del \u00e1mbito p\u00fablico como del privado<\/strong>.<\/p>\n<p class=\"vspace\" style=\"color: #000000; text-align: justify;\">Los fondos documentales, depositados y custodiados en el AHAT son, mayoritariamente, de car\u00e1cter eclesi\u00e1stico, aunque tambi\u00e9n cuenta con fondos privados, tanto del \u00e1mbito religioso como civil. <strong>Estos llegan al archivo a trav\u00e9s de donaciones, cesiones en el dep\u00f3sito hechas por particulares<\/strong>.<\/p>\n<p class=\"vspace\" style=\"color: #000000; text-align: justify;\">El AHAT <strong>ofrece la posibilidad de depositar documentaci\u00f3n del mundo asociativo<\/strong> (fundaciones, movimientos juveniles, entidades l\u00fadicas, sindicatos, cofrad\u00edas, etc.), <strong>de empresas o negocios familiares<\/strong>, as\u00ed como documentaci\u00f3n relativa a <strong>linajes familiares o personas que han tenido una trayectoria personal destacada<\/strong>, bien en su actividad profesional, intelectual, econ\u00f3mica, etc.<\/p>\n<p id=\"tw-target-text\" class=\"tw-data-text vk_txt tw-ta tw-text-small\" dir=\"ltr\" style=\"text-align: justify;\"><span lang=\"es\">En estos \u00faltimos a\u00f1os la AHAT a recibido la donaci\u00f3n de varios particulares ( <strong>Vicen\u00e7 Moragas i Rodes, Guillermo Box\u00f3 Guasch, Maria de la Pau Solana Falc\u00f3, Jordi Blanch, etc<\/strong>) e instituciones (<strong>Associaci\u00f3 d\u2019Amics de Mn. Ramon Muntanyola, Associaci\u00f3 d&#8217;Amics del Poble Sahrau\u00ed de Tarragona, Mans Unies de Tarragona, etc<\/strong>).<\/span><\/p>\n<p class=\"vspace\" style=\"color: #000000; text-align: justify;\">Si est\u00e1is interesados en donar documentaci\u00f3n, dirig\u00edos personalmente al AHAT o bien enviadnos vuestra propuesta a la siguiente direcci\u00f3n electr\u00f3nica\u00a0<strong style=\"color: #222222;\">arxiu.historic@arqtgn.cat<\/strong><span style=\"color: #222222;\">\u00a0o bien en el<\/span><strong style=\"color: #222222;\">\u00a0tel\u00e9fono 977 253 360<\/strong><span style=\"color: #222222;\">.<\/span><\/p>\n","protected":false},"excerpt":{"rendered":"<p>El Arxiu Hist\u00f2ric Arxidioces\u00e0 de Tarragona (AHAT) es una instituci\u00f3n cultural, sin \u00e1nimo de lucro, perteneciente al Arzobispado de Tarragona, cuya finalidad es conservar, restaurar y facilitar el acceso y la consulta de los fondos documentales que tiene en el dep\u00f3sito. El AHAT custodia fondos documentales de procedencia diversa, tanto del \u00e1mbito p\u00fablico como del [&hellip;]<\/p>\n","protected":false},"author":35,"featured_media":0,"parent":3688,"menu_order":0,"comment_status":"closed","ping_status":"closed","template":"","meta":{"footnotes":""},"class_list":["post-3692","page","type-page","status-publish","hentry"],"amp_enabled":true,"_links":{"self":[{"href":"https:\/\/www.ahat.cat\/es\/wp-json\/wp\/v2\/pages\/3692","targetHints":{"allow":["GET"]}}],"collection":[{"href":"https:\/\/www.ahat.cat\/es\/wp-json\/wp\/v2\/pages"}],"about":[{"href":"https:\/\/www.ahat.cat\/es\/wp-json\/wp\/v2\/types\/page"}],"author":[{"embeddable":true,"href":"https:\/\/www.ahat.cat\/es\/wp-json\/wp\/v2\/users\/35"}],"replies":[{"embeddable":true,"href":"https:\/\/www.ahat.cat\/es\/wp-json\/wp\/v2\/comments?post=3692"}],"version-history":[{"count":0,"href":"https:\/\/www.ahat.cat\/es\/wp-json\/wp\/v2\/pages\/3692\/revisions"}],"up":[{"embeddable":true,"href":"https:\/\/www.ahat.cat\/es\/wp-json\/wp\/v2\/pages\/3688"}],"wp:attachment":[{"href":"https:\/\/www.ahat.cat\/es\/wp-json\/wp\/v2\/media?parent=3692"}],"curies":[{"name":"wp","href":"https:\/\/api.w.org\/{rel}","templated":true}]}}