{"id":3708,"date":"2015-02-05T12:26:55","date_gmt":"2015-02-05T12:26:55","guid":{"rendered":"http:\/\/www.ahat.cat\/catalogo-de-la-biblioteca-auxiliar-del-ahat\/"},"modified":"2015-02-05T12:26:55","modified_gmt":"2015-02-05T12:26:55","slug":"catalogo-de-la-biblioteca-auxiliar-del-ahat","status":"publish","type":"page","link":"http:\/\/www.ahat.cat\/es\/materiales-y-recursos\/herramientas-de-investigacion\/catalogo-de-la-biblioteca-auxiliar-del-ahat\/","title":{"rendered":"Cat\u00e1logo de la biblioteca auxiliar del AHAT"},"content":{"rendered":"<p>El AHAT pone al servicio de los investigadores su Biblioteca Auxiliar con m\u00e1s de cinco mil referencias , compuesta sobre por monograf\u00edas locales y de historia de la Iglesia de Tarragona y universal.<\/p>\n<p>Los libros de la biblioteca auxiliar no son de pr\u00e9stamo y para consultarlos debe venir en el Archivo en el horario que esta abierto a los investigadores : lunes a viernes de 9 a 13:30 h.<\/p>\n<p>Para consultar el cat\u00e1logo <a href=\"http:\/\/cataleg.bspt.cat\/?limit=branch%3AAHAT\" target=\"_blank\" rel=\"noopener\">clicar aqu\u00ed<\/a><\/p>\n<p>&nbsp;<\/p>\n","protected":false},"excerpt":{"rendered":"<p>El AHAT pone al servicio de los investigadores su Biblioteca Auxiliar con m\u00e1s de cinco mil referencias , compuesta sobre por monograf\u00edas locales y de historia de la Iglesia de Tarragona y universal. Los libros de la biblioteca auxiliar no son de pr\u00e9stamo y para consultarlos debe venir en el Archivo en el horario que [&hellip;]<\/p>\n","protected":false},"author":35,"featured_media":0,"parent":5428,"menu_order":0,"comment_status":"closed","ping_status":"closed","template":"","meta":{"footnotes":""},"class_list":["post-3708","page","type-page","status-publish","hentry"],"amp_enabled":true,"_links":{"self":[{"href":"http:\/\/www.ahat.cat\/es\/wp-json\/wp\/v2\/pages\/3708","targetHints":{"allow":["GET"]}}],"collection":[{"href":"http:\/\/www.ahat.cat\/es\/wp-json\/wp\/v2\/pages"}],"about":[{"href":"http:\/\/www.ahat.cat\/es\/wp-json\/wp\/v2\/types\/page"}],"author":[{"embeddable":true,"href":"http:\/\/www.ahat.cat\/es\/wp-json\/wp\/v2\/users\/35"}],"replies":[{"embeddable":true,"href":"http:\/\/www.ahat.cat\/es\/wp-json\/wp\/v2\/comments?post=3708"}],"version-history":[{"count":0,"href":"http:\/\/www.ahat.cat\/es\/wp-json\/wp\/v2\/pages\/3708\/revisions"}],"up":[{"embeddable":true,"href":"http:\/\/www.ahat.cat\/es\/wp-json\/wp\/v2\/pages\/5428"}],"wp:attachment":[{"href":"http:\/\/www.ahat.cat\/es\/wp-json\/wp\/v2\/media?parent=3708"}],"curies":[{"name":"wp","href":"https:\/\/api.w.org\/{rel}","templated":true}]}}