{"id":3706,"date":"2015-02-05T12:25:38","date_gmt":"2015-02-05T12:25:38","guid":{"rendered":"http:\/\/www.ahat.cat\/publicaciones\/"},"modified":"2024-10-16T05:38:08","modified_gmt":"2024-10-16T05:38:08","slug":"publicaciones","status":"publish","type":"page","link":"http:\/\/www.ahat.cat\/es\/materiales-y-recursos\/publicaciones\/","title":{"rendered":"Publicaciones"},"content":{"rendered":"<h3><em><strong><img loading=\"lazy\" decoding=\"async\" class=\"alignleft wp-image-4684 size-medium\" src=\"http:\/\/www.ahat.cat\/wp-content\/uploads\/sites\/21\/2019\/12\/MinoriesSocials-205x300.jpg\" alt=\"\" width=\"205\" height=\"300\" srcset=\"http:\/\/www.ahat.cat\/wp-content\/uploads\/sites\/21\/2019\/12\/MinoriesSocials-205x300.jpg 205w, http:\/\/www.ahat.cat\/wp-content\/uploads\/sites\/21\/2019\/12\/MinoriesSocials.jpg 633w\" sizes=\"auto, (max-width: 205px) 100vw, 205px\" \/>Les minories socials i la just\u00edcia a l\u2019\u00e8poca medieval i moderna<br \/>\n<\/strong><\/em><\/h3>\n<p><strong style=\"font-size: 16px\">Autors: Dolors Bramon Planas, Joan J. Busqueta Riu, \u00c0ngel Casals Mart\u00ednez, Pau Castell Granados, Maria Josepa Estanyol Fuentes, Valent\u00ed Gual Vil\u00e0, Sergi Grau Torras, Roc\u00edo Rodr\u00edguez S\u00e1nchez<\/strong><\/p>\n<p style=\"text-align: justify\">Edici\u00f3 de les actes de les III jornades d&#8217;hist\u00f2ria Mn. San\u00e7 Capdevila i Felip.<\/p>\n<p style=\"text-align: justify\">Silva Editorial | Col\u00b7lecci\u00f3 Inter Primas, 4 | 2018 | Preu: 15,00 EUR | Per aconseguir un exemplar poseu-vos en contacte amb l&#8217;arxiu: <span style=\"color: #0000ff\">arxiu.historic@arqtgn.cat <span style=\"color: #000000\">|\u00a0<\/span><\/span><\/p>\n<hr \/>\n<h3><em><strong><img loading=\"lazy\" decoding=\"async\" class=\"alignleft wp-image-3299 size-medium\" src=\"http:\/\/www.ahat.cat\/wp-content\/uploads\/sites\/21\/2018\/07\/RepoblacioTarragona-198x300.jpg\" alt=\"\" width=\"198\" height=\"300\" srcset=\"http:\/\/www.ahat.cat\/wp-content\/uploads\/sites\/21\/2018\/07\/RepoblacioTarragona-198x300.jpg 198w, http:\/\/www.ahat.cat\/wp-content\/uploads\/sites\/21\/2018\/07\/RepoblacioTarragona.jpg 572w\" sizes=\"auto, (max-width: 198px) 100vw, 198px\" \/>La repoblaci\u00f3 del Camp de Tarragona. Estat de la q\u00fcesti\u00f3<\/strong><\/em><\/h3>\n<p><strong style=\"font-size: 16px\">Autors: Ezequiel Gort Juanpere, Eduard Juncosa Bonet, Montserrat Rovira Rafecas, Josep Maria Sans Trav\u00e9, Lucas Villegas-Aristiz\u00e1bal, Antoni Virgili Colet<\/strong><\/p>\n<p style=\"text-align: justify\">Edici\u00f3 de les actes de les I jornades d&#8217;hist\u00f2ria Mn. San\u00e7 Capdevila i Felip.<\/p>\n<p style=\"text-align: justify\">Silva Editorial | Col\u00b7lecci\u00f3 Inter Primas, 3 | 2018 | Preu: 15,00 EUR | Per aconseguir un exemplar poseu-vos en contacte amb l&#8217;arxiu: <span style=\"color: #0000ff\">arxiu.historic@arqtgn.cat <span style=\"color: #000000\">|\u00a0<\/span><\/span><\/p>\n<hr \/>\n<h3><em><strong><img loading=\"lazy\" decoding=\"async\" class=\"alignleft wp-image-3088 size-medium\" src=\"http:\/\/www.ahat.cat\/wp-content\/uploads\/sites\/21\/2017\/09\/AHATsXXI-202x300.jpg\" alt=\"\" width=\"202\" height=\"300\" srcset=\"http:\/\/www.ahat.cat\/wp-content\/uploads\/sites\/21\/2017\/09\/AHATsXXI-202x300.jpg 202w, http:\/\/www.ahat.cat\/wp-content\/uploads\/sites\/21\/2017\/09\/AHATsXXI-768x1141.jpg 768w, http:\/\/www.ahat.cat\/wp-content\/uploads\/sites\/21\/2017\/09\/AHATsXXI-689x1024.jpg 689w, http:\/\/www.ahat.cat\/wp-content\/uploads\/sites\/21\/2017\/09\/AHATsXXI.jpg 1892w\" sizes=\"auto, (max-width: 202px) 100vw, 202px\" \/>L&#8217;Arxiu Hist\u00f2ric Arxidioces\u00e0 de Tarragona. Un projecte participatiu per al segle XXI<\/strong><\/em><\/h3>\n<p><strong style=\"font-size: 16px\">Autors: Jordi Alt\u00e9s Mart\u00ed, Manuel Maria Fuentes i Gas\u00f3, Joan Maria Quijada Bosch i Neus S\u00e1nchez Pi\u00e9<\/strong><\/p>\n<p style=\"text-align: justify\">Balan\u00e7 del projecte de digitalitzaci\u00f3 de l&#8217;Arxiu Hist\u00f2ric Arxidioces\u00e0 de Tarragona.<\/p>\n<p style=\"text-align: justify\">Silva Editorial | Col\u00b7lecci\u00f3 Inter Primas, 2 | 2017 | Per aconseguir un exemplar poseu-vos en contacte amb l&#8217;arxiu: <span style=\"color: #0000ff\">arxiu.historic@arqtgn.cat <span style=\"color: #000000\">| Cliqueu <span style=\"color: #0000ff\"><a style=\"color: #0000ff\" href=\"http:\/\/www.ahat.cat\/wp-content\/uploads\/sites\/21\/2019\/12\/2.-Llibre-UN-PROJECTE-PARTICIPATIU.pdf\" target=\"_blank\" rel=\"noopener noreferrer\"><strong>aqu\u00ed<\/strong><\/a><\/span> per consultar la versi\u00f3 pdf<\/span><\/span><\/p>\n<hr \/>\n<h3><em><strong><img loading=\"lazy\" decoding=\"async\" class=\"alignleft wp-image-3083 size-medium\" src=\"http:\/\/www.ahat.cat\/wp-content\/uploads\/sites\/21\/2017\/09\/VidalBarraquerActes-224x300.jpg\" alt=\"\" width=\"224\" height=\"300\" srcset=\"http:\/\/www.ahat.cat\/wp-content\/uploads\/sites\/21\/2017\/09\/VidalBarraquerActes-224x300.jpg 224w, http:\/\/www.ahat.cat\/wp-content\/uploads\/sites\/21\/2017\/09\/VidalBarraquerActes-768x1028.jpg 768w, http:\/\/www.ahat.cat\/wp-content\/uploads\/sites\/21\/2017\/09\/VidalBarraquerActes-765x1024.jpg 765w\" sizes=\"auto, (max-width: 224px) 100vw, 224px\" \/>Cardenal Vidal i Barraquer. Testimoni fidel (1943-2013)<\/strong><\/em><\/h3>\n<p><strong style=\"font-size: 16px\">Autors: Ramon Corts Blay, Miguel \u00c1ngel Dionisio Vivas, Manuel M. Fuentes i Gas\u00f3, Llu\u00eds M. Moncunill Cirac, Josep M. Sans Trav\u00e9, Valent\u00ed Serra de Manresa i Joan Maria Thom\u00e0s Andreu<\/strong><\/p>\n<p style=\"text-align: justify\">Edici\u00f3 del cicle de set confer\u00e8ncies que va tenir lloc el 2014 dins dels actes de l&#8217;Any Cardenal Vidal i Barraquer, testimoni fidel (+1943-2013) organitzat per commemorar el 70\u00e9 aniversari del seu trasp\u00e0s.<\/p>\n<p style=\"text-align: justify\">Silva Editorial | Col\u00b7lecci\u00f3 Inter Primas, 1 | 2017 | Preu:\u00a015,00 EUR | Per adquirir-lo poseu-vos en contacte amb l&#8217;arxiu: <span style=\"color: #0000ff\">arxiu.historic@arqtgn.cat <span style=\"color: #000000\">|\u00a0<\/span><\/span><\/p>\n<hr \/>\n<h3><img loading=\"lazy\" decoding=\"async\" class=\"alignleft wp-image-2612 size-medium\" src=\"http:\/\/www.ahat.cat\/wp-content\/uploads\/sites\/21\/2016\/03\/llibre-217x300-217x300.jpg\" alt=\"InventariFonsMusicalCatedralTarragona\" width=\"217\" height=\"300\" \/><em><strong>Inventaris dels fons musicals de Catalunya. Volum 8: Fons de la catedral de Tarragona<\/strong><\/em><\/h3>\n<p><strong style=\"font-size: 16px\">Autors: Francesc Bonastre i Bertran, Josep Maria Gregori i Cifr\u00e9, Montserrat Canela i Grau<\/strong><\/p>\n<p style=\"text-align: justify\">La col\u00b7lecci\u00f3 reuneix obres generades entre els segles XVII i XX. Bona part d\u2019aquest repertori pertany a l\u2019obra compositiva dels propis mestres de capella i organistes que se succe\u00efren en l\u2019exercici dels magisteris de la Seu tarragonina.<\/p>\n<p style=\"text-align: justify\">Servei de Publicacions de la Universitat Aut\u00f2noma de Barcelona | 2015 | Preu: 30,00 EUR | Per adquirir-lo poseu-vos en contacte amb l&#8217;arxiu: <span style=\"color: #0000ff\">arxiu.historic@arqtgn.cat<\/span><\/p>\n<hr \/>\n<h3 style=\"text-align: justify\"><em><strong>Joan\u00a0Cris\u00f2<img loading=\"lazy\" decoding=\"async\" class=\"size-medium wp-image-2611 alignleft\" src=\"http:\/\/www.ahat.cat\/wp-content\/uploads\/sites\/21\/2016\/03\/InventariMusica-221x300.jpg\" alt=\"InventariMusica\" width=\"221\" height=\"300\" \/>stom\u00a0Ripolles (1678-1746). M\u00fasica eclesi\u00e0stica per a 1, 2, 4, 6 i 8 veus<\/strong><\/em><\/h3>\n<p><strong>Autor:\u00a0Josep Maria Gregori<\/strong><\/p>\n<p style=\"text-align: justify\">Joan Cris\u00f2stom Ripoll\u00e8s nasqu\u00e9 a la vila de Torreblanca el 1678 i traspass\u00e0 a la ciutat de Tarragona el 1746. Degu\u00e9 rebre la seva formaci\u00f3 musical en una de les\u00a0escoles catedral\u00edcies properes a la seva terra natal, com ara Tortosa, Sogorb o Tarragona. El 23 de maig de 1699 va ser adm\u00e8s en qualitat de cantor contralt primer de la capella de m\u00fasica de la catedral de Tarragona, que des de 1695 dirigia el mestre Josep Escorihuela.<\/p>\n<p style=\"text-align: justify\">Amalgama | 2014 | Mestres Catalans Antics, 4 | Preu: 17,00 EUR Per adquirir-lo poseu-vos en contacte amb l&#8217;arxiu: <span style=\"color: #0000ff\">arxiu.historic@arqtgn.cat<\/span><\/p>\n<hr \/>\n<h3 style=\"text-align: justify\"><em><strong><img loading=\"lazy\" decoding=\"async\" class=\"wp-image-2142 size-medium alignleft\" src=\"http:\/\/www.ahat.cat\/wp-content\/uploads\/sites\/21\/2015\/02\/CorrespondenciaDrVidaliBarraquer-243x300.jpg\" alt=\"CorrespondenciaDrVidaliBarraquer\" width=\"243\" height=\"300\" srcset=\"http:\/\/www.ahat.cat\/wp-content\/uploads\/sites\/21\/2015\/02\/CorrespondenciaDrVidaliBarraquer-243x300.jpg 243w, http:\/\/www.ahat.cat\/wp-content\/uploads\/sites\/21\/2015\/02\/CorrespondenciaDrVidaliBarraquer.jpg 768w\" sizes=\"auto, (max-width: 243px) 100vw, 243px\" \/>Correspond\u00e8ncia del Dr. Francesc d&#8217;Assis Vidal i Barraquer, cardenal arquebisbe de Tarragona\u00a0amb Secretaria d&#8217;Estat de la Santa Seu (1936-1939)<\/strong><\/em><\/h3>\n<h3 style=\"text-align: justify\"><strong style=\"font-size: 16px\">Autors:\u00a0<\/strong><strong style=\"font-size: 16px\">Manuel Maria Fuentes i Gas\u00f3, Joan Maria Quijada Bosch i Neus S\u00e1nchez Pi\u00e9<\/strong><\/h3>\n<p style=\"text-align: justify\">Al cap de setanta anys de la mort del cardenal Vidal i Barraquer hem de poder apropar-nos al nostre passat, personal i col\u00b7lectiu, d\u2019una manera serena, l\u00facida i racional. La celebraci\u00f3 d\u2019aquesta efem\u00e8ride, i les consideracions que s\u2019exposen entorn a les circumst\u00e0ncies de la seva mort, ens han portat a publicar aquest recull documental. Per altra banda, s\u2019escau plenament a la tasca, ja fa temps iniciada per l\u2019Arxiu Hist\u00f2ric Arxidioces\u00e0 de Tarragona (AHAT), de publicar i difondre els seus fons documentals.\u00a0La nostra aportaci\u00f3, confegida a partir dels documents originals que es serven a l\u2019AHAT, ens acosta, doncs, a les intenses i interessants relacions de Vidal i Barraquer amb el cardenal Eugenio Pacelli, secretari d\u2019estat de la Santa Seu.<\/p>\n<p style=\"text-align: justify\">Editorial <span class=\"il\">Tirant<\/span> <span class=\"il\">lo<\/span> Blanch | 2015 | Col\u00b7lecci\u00f3 Varios Humanidades | Preu: 35,00 EUR Per adquirir-lo poseu-vos en contacte amb l&#8217;arxiu: <span style=\"color: #0000ff\">arxiu.historic@arqtgn.cat<\/span><\/p>\n<div class=\"book-data\" style=\"text-align: justify\"><\/div>\n<hr \/>\n<h3 style=\"text-align: justify\"><em><strong><a href=\"http:\/\/goo.gl\/oEExMr\" target=\"_blank\" rel=\"noopener noreferrer\"><img loading=\"lazy\" decoding=\"async\" class=\"alignleft wp-image-1606 size-medium\" src=\"http:\/\/www.ahat.cat\/wp-content\/uploads\/sites\/21\/2015\/02\/9788499755212-214x300.jpg\" alt=\"9788499755212\" width=\"214\" height=\"300\" srcset=\"http:\/\/www.ahat.cat\/wp-content\/uploads\/sites\/21\/2015\/02\/9788499755212-214x300.jpg 214w, http:\/\/www.ahat.cat\/wp-content\/uploads\/sites\/21\/2015\/02\/9788499755212.jpg 250w\" sizes=\"auto, (max-width: 214px) 100vw, 214px\" \/><\/a>De Rebus Gestis Ecclesiae. Els llibres de notes del cap\u00edtol catedral de Tarragona (1734-1930)\u00a0<\/strong><\/em><\/h3>\n<h3 style=\"text-align: justify\"><strong style=\"font-size: 16px\">Autors: Joan Maria Quijada Bosch i Neus S\u00e1nchez Pi\u00e9\u00a0<\/strong><\/h3>\n<p style=\"text-align: justify\">En aquesta publicaci\u00f3 s\u2019ha recollit la informaci\u00f3 detallada que contenen els quatre llibres de notes o De Rebus Gestis que es conserven a l\u2019Arxiu Capitular de Tarragona (ACT) reunida i relatada pels propis canonges, normalment el secretari o el doctoral. Aquests relats van des de l\u2019any 1734 fins a l\u2019any 1930 sent la primera entrada la celebraci\u00f3 d\u2019un Te Deum per donar gr\u00e0cies a D\u00e9u per les vict\u00f2ries aconseguides per l\u2019ex\u00e8rcit espanyol al regne de N\u00e0pols el 24 d\u2019octubre del 1734 i l\u2019\u00faltima l\u2019adquisici\u00f3 per part del cap\u00edtol d\u2019un pante\u00f3 al cementiri de la ciutat. Entre una data i l\u2019altra es narren m\u00e9s de 500 esdeveniments succe\u00efts a Tarragona durant els segles XVIII, XIX i XX. Entre totes les mat\u00e8ries podem destacar les refer\u00e8ncies a entrades de nous arquebisbes, reis, processons i rogatives per demanar pluja, l\u2019exposici\u00f3 de fen\u00f2mens meteorol\u00f2gics rars aix\u00ed com altres episodis curiosos ocorreguts a Tarragona i el Camp.<\/p>\n<p style=\"text-align: justify\">Pag\u00e9s Editors, S.L.\u00a0| 2014 | Col\u00b7lecci\u00f3 Textos i documents (Fundaci\u00f3 Noguera), 56\u00a0| Preu: 45,00 EUR Per adquirir-lo poseu-vos en contacte amb l&#8217;editorial:\u00a0<a href=\"http:\/\/www.pageseditors.cat\">www.pageseditors.cat<\/a>\u00a0| Cliqueu <strong><a href=\"http:\/\/goo.gl\/oEExMr\" target=\"_blank\" rel=\"noopener noreferrer\">aqu\u00ed<\/a><\/strong> per consultar la versi\u00f3 en pdf<\/p>\n<hr \/>\n<h3 style=\"text-align: justify\"><em><strong><img loading=\"lazy\" decoding=\"async\" class=\"alignleft wp-image-2108 size-medium\" src=\"http:\/\/www.ahat.cat\/wp-content\/uploads\/sites\/21\/2015\/05\/LEsglesiadeTarragona1936-1939Testimonisdelafe-283x300.jpg\" alt=\"LEsglesiadeTarragona1936-1939Testimonisdelafe\" width=\"283\" height=\"300\" srcset=\"http:\/\/www.ahat.cat\/wp-content\/uploads\/sites\/21\/2015\/05\/LEsglesiadeTarragona1936-1939Testimonisdelafe-283x300.jpg 283w, http:\/\/www.ahat.cat\/wp-content\/uploads\/sites\/21\/2015\/05\/LEsglesiadeTarragona1936-1939Testimonisdelafe-967x1024.jpg 967w\" sizes=\"auto, (max-width: 283px) 100vw, 283px\" \/>L&#8217;Esgl\u00e9sia de Tarragona (1936-1939). Testimonis de la fe<\/strong><\/em><\/h3>\n<p style=\"text-align: justify\"><strong style=\"font-size: 16px\">Autors:\u00a0<\/strong><strong style=\"font-size: 16px\">Manuel Maria Fuentes i Gas\u00f3, Joan Maria Quijada Bosch i Neus S\u00e1nchez Pi\u00e9\u00a0<\/strong><\/p>\n<p style=\"text-align: justify\">Amb motiu de la celebraci\u00f3, el 13 d\u2019octubre del 2013, de la beatificaci\u00f3 a Tarragona del bisbe m\u00e0rtir Dr. Borr\u00e0s i d\u2019un grup nombr\u00f3s de preveres, seminaristes i religiosos de l\u2019arquebisbat de Tarragona, igualment m\u00e0rtirs, dels quals el Cardenal Vidal i Barraquer era cap i pastor, es va organitzar una exposici\u00f3 sobre \u201cL\u2019Esgl\u00e9sia de Tarragona (1936-1939). Testimonis de la fe\u201d del la qual es va editar el present cat\u00e0leg que cont\u00e9 les\u00a0biografies dels preveres i seminaristes m\u00e0rtirs.<\/p>\n<p style=\"text-align: justify\">Arxiu Hist\u00f2ric Arxidioces\u00e0 de Tarragona\u00a0| 2013 | Preu: 10,00 EUR Per adquirir-lo poseu-vos en contacte amb l&#8217;arxiu: <span style=\"color: #0000ff\">arxiu.historic@arqtgn.cat<\/span><\/p>\n<hr \/>\n<h3 style=\"text-align: justify\"><strong><em><span style=\"color: #000000\"><img loading=\"lazy\" decoding=\"async\" class=\"alignleft wp-image-260\" src=\"http:\/\/ahat.wp.arqtgn.cat\/wp-content\/uploads\/sites\/21\/2012\/02\/Memoria_del_setge_i_ocupacio_de_Tarragona-e1392158185432.jpg\" alt=\"Memoria_del_setge_i_ocupacio_de_Tarragona\" width=\"234\" height=\"321\" \/>Mem\u00f2ria del setge i ocupaci\u00f3 de Tarragona. La Guerra del Franc\u00e8s en els fons documentals de l\u2019Arxiu Hist\u00f2ric Arxidioces\u00e0 de Tarragona (1808-1814)\u00a0<\/span><\/em><\/strong><\/h3>\n<h3 style=\"text-align: justify\"><strong style=\"font-size: 16px\">Autors: Manuel Maria Fuentes i Gas\u00f3, Joan Maria Quijada Bosch i Neus S\u00e1nchez Pi\u00e9\u00a0<\/strong><\/h3>\n<p style=\"text-align: justify\">El\u00a0llibre\u00a0recopila la documentaci\u00f3 del setge i de l\u2019ocupaci\u00f3 francesa que pat\u00ed la ciutat de Tarragona que hi ha a l\u2019Arxiu Hist\u00f2ric Arxidioces\u00e0 de Tarragona, entre ells, el testimoni in\u00e8dit com el Memorial del canonge Ignasi Ribes i Mayor. La\u00a0publicaci\u00f3 vol donar difusi\u00f3 a tot un seguit de documents valuosos per comprendre el per\u00edode de la Guerra del Franc\u00e8s a l&#8217;Arquebisbat de Tarragona.<\/p>\n<p style=\"text-align: justify\">Rafael Dalmau editor | 2012 | Col\u00b7lecci\u00f3 Cam\u00ed Ral n\u00famero: 34 | Preu: 25,00 EUR Per adquirir-lo poseu-vos en contacte amb l&#8217;editorial:\u00a0<span style=\"text-decoration: underline;color: #0000ff\"><a style=\"color: #0000ff;text-decoration: underline\" href=\"http:\/\/www.rafaeldalmaueditor.cat\">www.rafaeldalmaueditor.cat<\/a><\/span><\/p>\n<hr \/>\n","protected":false},"excerpt":{"rendered":"<p>Les minories socials i la just\u00edcia a l\u2019\u00e8poca medieval i moderna Autors: Dolors Bramon Planas, Joan J. Busqueta Riu, \u00c0ngel Casals Mart\u00ednez, Pau Castell Granados, Maria Josepa Estanyol Fuentes, Valent\u00ed Gual Vil\u00e0, Sergi Grau Torras, Roc\u00edo Rodr\u00edguez S\u00e1nchez Edici\u00f3 de les actes de les III jornades d&#8217;hist\u00f2ria Mn. San\u00e7 Capdevila i Felip. Silva Editorial | [&hellip;]<\/p>\n","protected":false},"author":35,"featured_media":0,"parent":3686,"menu_order":0,"comment_status":"closed","ping_status":"closed","template":"","meta":{"footnotes":""},"class_list":["post-3706","page","type-page","status-publish","hentry"],"amp_enabled":true,"_links":{"self":[{"href":"http:\/\/www.ahat.cat\/es\/wp-json\/wp\/v2\/pages\/3706","targetHints":{"allow":["GET"]}}],"collection":[{"href":"http:\/\/www.ahat.cat\/es\/wp-json\/wp\/v2\/pages"}],"about":[{"href":"http:\/\/www.ahat.cat\/es\/wp-json\/wp\/v2\/types\/page"}],"author":[{"embeddable":true,"href":"http:\/\/www.ahat.cat\/es\/wp-json\/wp\/v2\/users\/35"}],"replies":[{"embeddable":true,"href":"http:\/\/www.ahat.cat\/es\/wp-json\/wp\/v2\/comments?post=3706"}],"version-history":[{"count":3,"href":"http:\/\/www.ahat.cat\/es\/wp-json\/wp\/v2\/pages\/3706\/revisions"}],"predecessor-version":[{"id":6175,"href":"http:\/\/www.ahat.cat\/es\/wp-json\/wp\/v2\/pages\/3706\/revisions\/6175"}],"up":[{"embeddable":true,"href":"http:\/\/www.ahat.cat\/es\/wp-json\/wp\/v2\/pages\/3686"}],"wp:attachment":[{"href":"http:\/\/www.ahat.cat\/es\/wp-json\/wp\/v2\/media?parent=3706"}],"curies":[{"name":"wp","href":"https:\/\/api.w.org\/{rel}","templated":true}]}}