{"id":3702,"date":"2015-02-05T10:26:43","date_gmt":"2015-02-05T10:26:43","guid":{"rendered":"http:\/\/www.ahat.cat\/tasas-y-tarifas\/"},"modified":"2022-04-25T15:58:31","modified_gmt":"2022-04-25T15:58:31","slug":"tasas-y-tarifas","status":"publish","type":"page","link":"http:\/\/www.ahat.cat\/es\/tasas-y-tarifas\/","title":{"rendered":"Tasas y tarifas"},"content":{"rendered":"<p><strong>Im\u00e1genes de documentos para publicar<\/strong><br \/>\n<em><strong>Publicaciones comerciales<\/strong><\/em><br \/>\n1-25 im\u00e1genes &#8230;50 EUR unidad<br \/>\n26-50 im\u00e1genes &#8230;25 EUR unidad<br \/>\n51 a 75 im\u00e1genes &#8230;20 \u20ac EUR unidad<br \/>\n76-100 im\u00e1genes &#8230;12 \u20ac EUR unidad<br \/>\nM\u00e1s 100 im\u00e1genes &#8230;8 \u20ac EUR unidad<\/p>\n<p><em><strong>Publicaciones sin \u00e1nimo de lucro *<\/strong><\/em><br \/>\n1-25 im\u00e1genes &#8230;10 EUR\u00a0unidad<br \/>\n26-50 im\u00e1genes &#8230;8 EUR\u00a0unidad<br \/>\n51 a 75 im\u00e1genes &#8230;6 EUR\u00a0unidad<br \/>\n76-100 im\u00e1genes &#8230;4 EUR\u00a0unidad<br \/>\nM\u00e1s 100 im\u00e1genes &#8230;2\u00a0EUR unidad<br \/>\n* Las reproducciones que tenga por objetivo un trabajo de investigaci\u00f3n y que sean solicitadas por estudiantes , jubilados y personas en paro tendr\u00e1n una bonificaci\u00f3n de un 50% sobre el precio total. Ser\u00e1 necesaria la presentaci\u00f3n de la acreditaci\u00f3n correspondiente ( estudiante, jubilado o persona en paro).<\/p>\n<p><strong>Digitalizaci\u00f3n de documentaci\u00f3n<\/strong><br \/>\nCoste de digitalizar un documento \/ libro &#8230; 0,30 EUR\u00a0por im\u00e1genes (IVA incluido )<br \/>\nLa digitalizaci\u00f3n de la documentaci\u00f3n comporta la aceptaci\u00f3n por parte del usuario que esta sea colgada en el web del Archivo que cualquier otro usuario pueda acceder a ellos libremente.<\/p>\n<p><strong>Certificaciones y copias literales<\/strong><br \/>\n<em><strong>Copia literal de partidas sacramentales<\/strong><\/em><br \/>\nTraducci\u00f3n sellada y firmada de todos los datos de la partida sacramental, con las abreviaturas desarrolladas. Se consignan los datos parroquiales y su localizaci\u00f3n en el AHAT. Incluye el sello oficial del AHAT y la autentificaci\u00f3n del director del AHAT.<\/p>\n<p>Copia literal de partidas antiguas &#8211; m\u00e1s de 100 a\u00f1os &#8211; con finalidad hist\u00f3rica o civil &#8230;20 EUR*<\/p>\n<p><em><strong>Certificaci\u00f3n de partidas sacramentales<\/strong><\/em><br \/>\nFormulario impreso, sellado y firmado, que contiene el extracto de los datos de la partida sacramental (nombre, apellidos, origen), filiaci\u00f3n (nombre, apellidos, origen), dataci\u00f3n, datos parroquiales y localizaci\u00f3n en el AHAT. Incluye el sello oficial del AHAT y la autentificaci\u00f3n del director del AHAT.<\/p>\n<p>Certificaciones simples de actos sacramentales &#8211; menos de 100 a\u00f1os &#8211; con finalidad hist\u00f3rica o civil &#8230;10 EUR*<\/p>\n<p>* Tasas aprobadas por el Arzobispado de Tarragona con el Decreto de 15 de septiembre de 2021 por el que se actualizan las ofrendas, estipendios y tasas por los servicios sacramentales y administrativos en nuestra archidi\u00f3cesis. Bolet\u00edn Oficial del Arzobispado de Tarragona (BOAT). Tarragona, septiembre de 2021.<\/p>\n","protected":false},"excerpt":{"rendered":"<p>Im\u00e1genes de documentos para publicar Publicaciones comerciales 1-25 im\u00e1genes &#8230;50 EUR unidad 26-50 im\u00e1genes &#8230;25 EUR unidad 51 a 75 im\u00e1genes &#8230;20 \u20ac EUR unidad 76-100 im\u00e1genes &#8230;12 \u20ac EUR unidad M\u00e1s 100 im\u00e1genes &#8230;8 \u20ac EUR unidad Publicaciones sin \u00e1nimo de lucro * 1-25 im\u00e1genes &#8230;10 EUR\u00a0unidad 26-50 im\u00e1genes &#8230;8 EUR\u00a0unidad 51 a 75 [&hellip;]<\/p>\n","protected":false},"author":35,"featured_media":0,"parent":0,"menu_order":0,"comment_status":"closed","ping_status":"closed","template":"","meta":{"footnotes":""},"class_list":["post-3702","page","type-page","status-publish","hentry"],"amp_enabled":true,"_links":{"self":[{"href":"http:\/\/www.ahat.cat\/es\/wp-json\/wp\/v2\/pages\/3702","targetHints":{"allow":["GET"]}}],"collection":[{"href":"http:\/\/www.ahat.cat\/es\/wp-json\/wp\/v2\/pages"}],"about":[{"href":"http:\/\/www.ahat.cat\/es\/wp-json\/wp\/v2\/types\/page"}],"author":[{"embeddable":true,"href":"http:\/\/www.ahat.cat\/es\/wp-json\/wp\/v2\/users\/35"}],"replies":[{"embeddable":true,"href":"http:\/\/www.ahat.cat\/es\/wp-json\/wp\/v2\/comments?post=3702"}],"version-history":[{"count":1,"href":"http:\/\/www.ahat.cat\/es\/wp-json\/wp\/v2\/pages\/3702\/revisions"}],"predecessor-version":[{"id":5341,"href":"http:\/\/www.ahat.cat\/es\/wp-json\/wp\/v2\/pages\/3702\/revisions\/5341"}],"wp:attachment":[{"href":"http:\/\/www.ahat.cat\/es\/wp-json\/wp\/v2\/media?parent=3702"}],"curies":[{"name":"wp","href":"https:\/\/api.w.org\/{rel}","templated":true}]}}