{"id":3698,"date":"2014-08-27T17:35:17","date_gmt":"2014-08-27T17:35:17","guid":{"rendered":"http:\/\/www.ahat.cat\/tutoriales-de-ayuda\/"},"modified":"2014-08-27T17:35:17","modified_gmt":"2014-08-27T17:35:17","slug":"tutoriales-de-ayuda","status":"publish","type":"page","link":"http:\/\/www.ahat.cat\/es\/materiales-y-recursos\/tutoriales-de-ayuda\/","title":{"rendered":"Tutoriales de ayuda"},"content":{"rendered":"<blockquote><p><strong>En los siguientes tutoriales podr\u00e1 ver una explicaci\u00f3n del funcionamiento de los principales apartados del Archivo en L\u00ednea:<\/strong><\/p><\/blockquote>\n<p><strong>C\u00f3mo ver los documentos digitales<\/strong><\/p>\n<p><iframe loading=\"lazy\" title=\"Com veure els documents digitals\" width=\"640\" height=\"360\" src=\"https:\/\/www.youtube.com\/embed\/s45ZMFkiwkw?feature=oembed\" frameborder=\"0\" allow=\"accelerometer; autoplay; clipboard-write; encrypted-media; gyroscope; picture-in-picture; web-share\" referrerpolicy=\"strict-origin-when-cross-origin\" allowfullscreen><\/iframe><\/p>\n<p><strong>C\u00f3mo solicitar la reproducci\u00f3n de documentos<\/strong><\/p>\n<p><iframe loading=\"lazy\" title=\"Com veure els documents digitals\" width=\"640\" height=\"360\" src=\"https:\/\/www.youtube.com\/embed\/s45ZMFkiwkw?start=113&#038;feature=oembed\" frameborder=\"0\" allow=\"accelerometer; autoplay; clipboard-write; encrypted-media; gyroscope; picture-in-picture; web-share\" referrerpolicy=\"strict-origin-when-cross-origin\" allowfullscreen><\/iframe><\/p>\n<p><strong>C\u00f3mo participar con la indexaci\u00f3n de los libros sacramentales<\/strong><\/p>\n<p><iframe loading=\"lazy\" title=\"Com utilitzar els cercadors de l&#039;Arxiu en L\u00ednia\" width=\"640\" height=\"360\" src=\"https:\/\/www.youtube.com\/embed\/3Sil9tubR4g?feature=oembed\" frameborder=\"0\" allow=\"accelerometer; autoplay; clipboard-write; encrypted-media; gyroscope; picture-in-picture; web-share\" referrerpolicy=\"strict-origin-when-cross-origin\" allowfullscreen><\/iframe><\/p>\n<p><strong>C\u00f3mo comunicarse a trav\u00e9s de un servicio de mensajer\u00eda interna con otro usuario registrado en el Archivo en L\u00ednea<\/strong><\/p>\n<p><iframe loading=\"lazy\" title=\"Com indexar els llibres sagramentals\" width=\"640\" height=\"360\" src=\"https:\/\/www.youtube.com\/embed\/DzUbjR91WZg?start=94&#038;feature=oembed\" frameborder=\"0\" allow=\"accelerometer; autoplay; clipboard-write; encrypted-media; gyroscope; picture-in-picture; web-share\" referrerpolicy=\"strict-origin-when-cross-origin\" allowfullscreen><\/iframe><\/p>\n<p><strong>C\u00f3mo hacer b\u00fasqueda por los diferentes buscadores<\/strong><\/p>\n<p><iframe loading=\"lazy\" title=\"Com indexar els llibres sagramentals\" width=\"640\" height=\"360\" src=\"https:\/\/www.youtube.com\/embed\/DzUbjR91WZg?feature=oembed\" frameborder=\"0\" allow=\"accelerometer; autoplay; clipboard-write; encrypted-media; gyroscope; picture-in-picture; web-share\" referrerpolicy=\"strict-origin-when-cross-origin\" allowfullscreen><\/iframe><br \/>\n<strong>No duden en ponerse en contacto con el personal del archivo para cualquier otra aclaraci\u00f3n.<\/strong><br \/>\n&nbsp;<\/p>\n","protected":false},"excerpt":{"rendered":"<p>En los siguientes tutoriales podr\u00e1 ver una explicaci\u00f3n del funcionamiento de los principales apartados del Archivo en L\u00ednea: C\u00f3mo ver los documentos digitales C\u00f3mo solicitar la reproducci\u00f3n de documentos C\u00f3mo participar con la indexaci\u00f3n de los libros sacramentales C\u00f3mo comunicarse a trav\u00e9s de un servicio de mensajer\u00eda interna con otro usuario registrado en el Archivo [&hellip;]<\/p>\n","protected":false},"author":1,"featured_media":0,"parent":3686,"menu_order":0,"comment_status":"closed","ping_status":"closed","template":"","meta":{"footnotes":""},"class_list":["post-3698","page","type-page","status-publish","hentry"],"amp_enabled":true,"_links":{"self":[{"href":"http:\/\/www.ahat.cat\/es\/wp-json\/wp\/v2\/pages\/3698","targetHints":{"allow":["GET"]}}],"collection":[{"href":"http:\/\/www.ahat.cat\/es\/wp-json\/wp\/v2\/pages"}],"about":[{"href":"http:\/\/www.ahat.cat\/es\/wp-json\/wp\/v2\/types\/page"}],"author":[{"embeddable":true,"href":"http:\/\/www.ahat.cat\/es\/wp-json\/wp\/v2\/users\/1"}],"replies":[{"embeddable":true,"href":"http:\/\/www.ahat.cat\/es\/wp-json\/wp\/v2\/comments?post=3698"}],"version-history":[{"count":0,"href":"http:\/\/www.ahat.cat\/es\/wp-json\/wp\/v2\/pages\/3698\/revisions"}],"up":[{"embeddable":true,"href":"http:\/\/www.ahat.cat\/es\/wp-json\/wp\/v2\/pages\/3686"}],"wp:attachment":[{"href":"http:\/\/www.ahat.cat\/es\/wp-json\/wp\/v2\/media?parent=3698"}],"curies":[{"name":"wp","href":"https:\/\/api.w.org\/{rel}","templated":true}]}}