{"id":3690,"date":"2014-02-03T15:58:07","date_gmt":"2014-02-03T15:58:07","guid":{"rendered":"http:\/\/www.ahat.cat\/colabora-con-el-proyecto-de-digitalizacion\/"},"modified":"2019-06-06T07:22:30","modified_gmt":"2019-06-06T07:22:30","slug":"colabora-con-el-proyecto-de-digitalizacion-2","status":"publish","type":"page","link":"http:\/\/www.ahat.cat\/es\/colabora\/colabora-con-el-proyecto-de-digitalizacion-2\/","title":{"rendered":"Col\u00b7labora amb el projecte de digitalitzaci\u00f3"},"content":{"rendered":"<p style=\"text-align: justify\">El <strong>Archivo Hist\u00f3rico Arquidiocesano de Tarragona (AHAT)<\/strong> <strong>es una instituci\u00f3n cultural, sin \u00e1nimo de lucro<\/strong>, que pertenece al Arzobispado de Tarragona, cuya finalidad es <strong>conservar, restaurar y facilitar el acceso y la consulta de los fondos documentales que tiene en dep\u00f3sito.<\/strong><\/p>\n<p style=\"text-align: justify\"><strong><br \/>\n<a href=\"http:\/\/www.mapadigitalitzacio.ahat.cat\/\" target=\"_blank\" rel=\"noopener noreferrer\"><img loading=\"lazy\" decoding=\"async\" class=\"alignleft wp-image-3386 size-medium\" src=\"http:\/\/www.ahat.cat\/wp-content\/uploads\/sites\/21\/2018\/12\/planol_arquebisbat_digitalitzacio_2018sagramentals-300x264.jpg\" alt=\"\" width=\"300\" height=\"264\" srcset=\"http:\/\/www.ahat.cat\/wp-content\/uploads\/sites\/21\/2018\/12\/planol_arquebisbat_digitalitzacio_2018sagramentals-300x264.jpg 300w, http:\/\/www.ahat.cat\/wp-content\/uploads\/sites\/21\/2018\/12\/planol_arquebisbat_digitalitzacio_2018sagramentals-768x676.jpg 768w, http:\/\/www.ahat.cat\/wp-content\/uploads\/sites\/21\/2018\/12\/planol_arquebisbat_digitalitzacio_2018sagramentals-1024x901.jpg 1024w\" sizes=\"auto, (max-width: 300px) 100vw, 300px\" \/><\/a>Desde el a\u00f1o 2008 el AHAT se encuentra en proceso de digitalizaci\u00f3n<\/strong> de sus fondos documentales, <strong>y m\u00e1s concretamente <a href=\"http:\/\/www.ahat.cat\/projecte-de-digitalitzacio-dels-llibres-sagramentals-anteriors-dipositats-a-lahat\/\" target=\"_blank\" rel=\"noopener noreferrer\">el proyecto de digitalizaci\u00f3n de todos los libros sacramentales<\/a><\/strong> anteriores 1936 depositados en el archivo. El gran volumen de registros sacramentales -siglos XVI &#8211; XX- que guarda el AHAT y el elevado coste de su digitalizaci\u00f3n, hace que la ejecuci\u00f3n del proyecto sea lenta.<strong><br \/>\n<\/strong><\/p>\n<p>Actualmente el AHAT cuenta con <strong>9.870 documentos digitalizados<\/strong> que representan <strong>un total de 1.704.364 im\u00e1genes.<\/strong><\/p>\n<p>As\u00ed, pues, el AHAT <strong>ofrece a sus investigadores, simpatizantes y amigos la posibilidad de convertirse en patrocinadores del proyecto de digitalizaci\u00f3n<\/strong>, y participar de forma activa en su financiaci\u00f3n.<\/p>\n<p><strong>El coste orientativo de digitalizar un libro de 250 im\u00e1genes es de 75 EUR.<\/strong><\/p>\n<p><strong>Las aportaciones<\/strong> para la digitalizaci\u00f3n de documentaci\u00f3n se les aplicar\u00e1 los los siguientes beneficios fiscales.<br \/>\nDurante el a\u00f1o <strong>2019<\/strong> la deducci\u00f3n de la cuota del IRPF ser\u00e1:<br \/>\n&#8211; Si hace una donaci\u00f3n a esta entidad por primera vez <strong>75% sobre los primeros 150 EUR y 30% sobre<\/strong><br \/>\n<strong>el resto.<\/strong><br \/>\n<strong>&#8211; Donaciones recurrentes a partir del tercer a\u00f1o 75% para los primeros 150 EUR y 35% sobre el resto.<\/strong><\/p>\n<p><strong>El plazo para llevar a cabo todo el proceso de digitalizaci\u00f3n es de tres meses aproximadamente<\/strong>. Una vez finalizado <strong>el proceso el documento ser\u00e1 colgado en la web del AHAT<\/strong> porque tanto usted como el resto de investigadores puedan consultarla.<\/p>\n<p>El patrocinador obtendr\u00e1 un <strong>cup\u00f3n de 50 reproducciones<\/strong> (por cada 50 EUR de patrocinio) en PDF de la imagen digital en color.<\/p>\n<p style=\"text-align: justify\"><img loading=\"lazy\" decoding=\"async\" class=\"wp-image-901 size-medium alignright\" src=\"http:\/\/ahat.wp.arqtgn.cat\/wp-content\/uploads\/sites\/21\/2014\/06\/Digitalitzacio-300x200.jpg\" alt=\"Digitalitzacio\" width=\"300\" height=\"200\" srcset=\"http:\/\/www.ahat.cat\/wp-content\/uploads\/sites\/21\/2014\/06\/Digitalitzacio-300x200.jpg 300w, http:\/\/www.ahat.cat\/wp-content\/uploads\/sites\/21\/2014\/06\/Digitalitzacio.jpg 600w\" sizes=\"auto, (max-width: 300px) 100vw, 300px\" \/>Si est\u00e1 interesado en colaborar con el proyecto de digitalizaci\u00f3n del AHAT p\u00f3ngase en contacto con nosotros en el siguiente mail <strong>arxiu.historic@arqtgn.cat<\/strong> o bien en el <strong>tel\u00e9fono 977 25 33 60.<\/strong><\/p>\n<p>Algunos investigadores habituales del AHAT ya han colaborado con nosotros como puede ver en la secci\u00f3n <a href=\"http:\/\/ahat.wp.arqtgn.cat\/category\/patrocinadors\/particulars\/\" target=\"_blank\" rel=\"noopener noreferrer\"><strong>Particulas<\/strong> <\/a>del apartado <a href=\"http:\/\/ahat.wp.arqtgn.cat\/category\/patrocinadors\/\" target=\"_blank\" rel=\"noopener noreferrer\"><strong>Patrocinadores<\/strong><\/a>.<\/p>\n<p>Cualquier aportaci\u00f3n que nos ayude a seguir llevando adelante el proyecto de digitalizaci\u00f3n, por peque\u00f1a que sea, ser\u00e1 bien recibida.<\/p>\n","protected":false},"excerpt":{"rendered":"<p>El Archivo Hist\u00f3rico Arquidiocesano de Tarragona (AHAT) es una instituci\u00f3n cultural, sin \u00e1nimo de lucro, que pertenece al Arzobispado de Tarragona, cuya finalidad es conservar, restaurar y facilitar el acceso y la consulta de los fondos documentales que tiene en dep\u00f3sito. Desde el a\u00f1o 2008 el AHAT se encuentra en proceso de digitalizaci\u00f3n de sus [&hellip;]<\/p>\n","protected":false},"author":35,"featured_media":0,"parent":3688,"menu_order":0,"comment_status":"closed","ping_status":"closed","template":"","meta":{"footnotes":""},"class_list":["post-3690","page","type-page","status-publish","hentry"],"amp_enabled":true,"_links":{"self":[{"href":"http:\/\/www.ahat.cat\/es\/wp-json\/wp\/v2\/pages\/3690","targetHints":{"allow":["GET"]}}],"collection":[{"href":"http:\/\/www.ahat.cat\/es\/wp-json\/wp\/v2\/pages"}],"about":[{"href":"http:\/\/www.ahat.cat\/es\/wp-json\/wp\/v2\/types\/page"}],"author":[{"embeddable":true,"href":"http:\/\/www.ahat.cat\/es\/wp-json\/wp\/v2\/users\/35"}],"replies":[{"embeddable":true,"href":"http:\/\/www.ahat.cat\/es\/wp-json\/wp\/v2\/comments?post=3690"}],"version-history":[{"count":2,"href":"http:\/\/www.ahat.cat\/es\/wp-json\/wp\/v2\/pages\/3690\/revisions"}],"predecessor-version":[{"id":4538,"href":"http:\/\/www.ahat.cat\/es\/wp-json\/wp\/v2\/pages\/3690\/revisions\/4538"}],"up":[{"embeddable":true,"href":"http:\/\/www.ahat.cat\/es\/wp-json\/wp\/v2\/pages\/3688"}],"wp:attachment":[{"href":"http:\/\/www.ahat.cat\/es\/wp-json\/wp\/v2\/media?parent=3690"}],"curies":[{"name":"wp","href":"https:\/\/api.w.org\/{rel}","templated":true}]}}