{"id":3680,"date":"2014-02-01T18:01:45","date_gmt":"2014-02-01T18:01:45","guid":{"rendered":"http:\/\/www.ahat.cat\/normativa-de-acceso-al-archivo\/"},"modified":"2014-02-01T18:01:45","modified_gmt":"2014-02-01T18:01:45","slug":"normativa-de-acceso-al-archivo","status":"publish","type":"page","link":"http:\/\/www.ahat.cat\/es\/el-ahat\/normativa-de-acceso-al-archivo\/","title":{"rendered":"Normativa de Acceso al Archivo"},"content":{"rendered":"<p style=\"text-align: justify\"><strong>El Arxiu Hist\u00f2ric Arxidioces\u00e0 de Tarragona es una instituci\u00f3n cultural, sin \u00e1nimo de lucro, que pertenece al Arzobispado de Tarragona cuya finalidad es conservar, restaurar y facilitar el acceso y la consulta de los fondos documentales que tiene en el dep\u00f3sito.<\/strong><\/p>\n<ul style=\"text-align: justify\">\n<li><strong>Acceso al archivo<\/strong><\/li>\n<\/ul>\n<p style=\"text-align: justify\">El acceso al AHAT es libre. Para poder realizar consultas, el usuario solo tiene que presentar un documento acreditativo, como el carn\u00e9 de investigador o, en su defecto, el DNI; cuando se trate de la primera vez, tendr\u00e1 que rellenar una ficha de usuario.<\/p>\n<ul style=\"text-align: justify\">\n<li><strong>Acceso a la sala de consulta<\/strong><\/li>\n<\/ul>\n<p style=\"text-align: justify\">Antes de entrar en la sala, el usuario ha de firmar en el libro de registro, con claridad, y tiene que hacer constar su nombre y apellidos, el lugar de residencia y su n\u00famero de DNI. En la sala de consulta solo se puede entrar con hojas en blanco, fichas, ordenador port\u00e1til, c\u00e1mara fotogr\u00e1fica y l\u00e1piz. No se puede acceder a la sala con carpetas, carteras ni bolsas de mano. Tambi\u00e9n queda prohibido entrar cualquier otro objeto de car\u00e1cter personal, incluidas bebidas y alimentos. Todo esto se ha dejar en las taquillas. Queda totalmente prohibido deambular por cualquier espacio reservado \u00fanicamente para el personal del Arxiu (dep\u00f3sitos, despachos, salas de trabajo).<\/p>\n<ul style=\"text-align: justify\">\n<li><strong>Acceso a la documentaci\u00f3n<\/strong><\/li>\n<\/ul>\n<p style=\"text-align: justify\">Tan solo se sirve la documentaci\u00f3n previamente inventariada. Para acceder a la documentaci\u00f3n que contenga datos de car\u00e1cter personal, se tienen que cumplir los requisitos determinados por la ley: veinticinco a\u00f1os desde la fecha de la muerte, si es conocida, o cincuenta a partir de la fecha de documentaci\u00f3n.<\/p>\n<p style=\"text-align: justify\">El Arxiu se reserva el derecho de retirar de la consulta aquella documentaci\u00f3n que, por su estado de conservaci\u00f3n, as\u00ed lo requiera.<\/p>\n<ul style=\"text-align: justify\">\n<li><strong>Trabajo en sala<\/strong><\/li>\n<\/ul>\n<p style=\"text-align: justify\">El personal del Arxiu intentar\u00e1 en todo momento ayudar al usuario para facilitarle su b\u00fasqueda; \u00e9ste \u00faltimo puede dirigirse al primero para resolver cualquier duda que surja. El acceso a los instrumentos de descripci\u00f3n del Arxiu, depositados en la sala de consulta, es libre.<\/p>\n<p style=\"text-align: justify\">Por respeto a los otros usuarios, se tiene que guardar silencio en la sala; el tel\u00e9fono m\u00f3vil tiene que desconectarse o silenciarse, y est\u00e1 totalmente prohibido hablar por tel\u00e9fono dentro de la sala.<\/p>\n<p style=\"text-align: justify\">El usuario puede consultar todos los libros de referencia depositados en la biblioteca auxiliar que desee sin tener que solicitar permiso previo; una vez utilizados, los tiene que devolver a su sitio. Se autoriza el uso de ordenadores personales en la sala de consulta, pero est\u00e1 prohibido el uso de esc\u00e1neres.<\/p>\n<ul style=\"text-align: justify\">\n<li><strong>Solicitud de documentos<\/strong><\/li>\n<\/ul>\n<p style=\"text-align: justify\">Las peticiones de documentaci\u00f3n solo se pueden realizar mediante la hoja de pedido, que se encuentra en la sala. Cuando se hayan rellenado todos los campos con claridad, \u00e9sta se tiene que entregar a la persona encargada de la sala a trav\u00e9s de la ventanilla. El n\u00famero m\u00e1ximo de unidades documentales que se pueden pedir por sesi\u00f3n es de cinco. En caso de que las unidades archiv\u00edsticas solicitadas sean camisas, el Arxiu se reserva el derecho de servir diez como m\u00e1ximo. En ning\u00fan caso se pueden pedir en una misma sesi\u00f3n cinco unidades archiv\u00edsticas que sean vol\u00famenes y diez camisas, sino que se tiene que seguir la manera equitativa establecida por el Arxiu (ej.- 1 vol. y 8 ca., 2 vol. y 6 ca., 3 vol. y 4 ca., y 4 vol. y 2 ca.).<\/p>\n<p style=\"text-align: justify\">La documentaci\u00f3n se puede solicitar de 9:00 a 13:00 h. a partir de la 13:00 ya no se puede realizar ning\u00fan pedido nuevo.<\/p>\n<ul style=\"text-align: justify\">\n<li><strong>Consulta de la documentaci\u00f3n<\/strong><\/li>\n<\/ul>\n<p style=\"text-align: justify\">La documentaci\u00f3n se sirve de una en una. Cuando el usuario haya terminado la consulta de un documento, \u00e9ste tiene que ser devuelto a la persona responsable de la sala a trav\u00e9s de la ventanilla, quien le proporcionar\u00e1 el siguiente documento. Queda terminantemente prohibida la consulta de cajas enteras.<\/p>\n<p style=\"text-align: justify\">El usuario ser\u00e1 el responsable de la documentaci\u00f3n que le haya sido dejada para su consulta y la tendr\u00e1 que devolver en el mismo estado en que le fue dejada: mismas caracter\u00edsticas, orden, constituci\u00f3n interna y externa, limpieza, etc. Para evitar da\u00f1os en la documentaci\u00f3n, se permite \u00fanicamente el uso de l\u00e1piz; est\u00e1 prohibido el uso de bol\u00edgrafo, pluma o rotulador en la sala, as\u00ed como tambi\u00e9n se proh\u00edbe calcar documentos, realizar anotaciones, paginarlos y marcarlos o se\u00f1alarlos para el uso privado del usuario.<\/p>\n<p style=\"text-align: justify\">Los usuarios tienen que velar por el trato correcto y adecuado de los documentos, y tienen que tener cuenta su singularidad y fragilidad. Est\u00e1 prohibido doblar los documentos, apoyarse en ellos, colocar encima el papel en que se escribe y humedecer las p\u00e1ginas con saliva. No se pueden sacar de la sala de consulta ni documentos ni libros, as\u00ed como tampoco los instrumentos de descripci\u00f3n.<\/p>\n<p style=\"text-align: justify\">Para una mejor conservaci\u00f3n de la documentaci\u00f3n, la consulta de reproducciones de originales en caso de que haya copias microfilmadas o digitalizadas de esos documentos es obligatoria. No obstante, se permitir\u00e1 el acceso a los originales cuando haya una causa razonada y el estado de conservaci\u00f3n de los originales lo permita.<\/p>\n<ul style=\"text-align: justify\">\n<li><strong>Reserva de documentos<\/strong><\/li>\n<\/ul>\n<p style=\"text-align: justify\">Si el usuario finaliza la sesi\u00f3n de trabajo sin haber acabado la consulta del documento en uso, este puede reservarlo para tres d\u00edas consecutivos. El plazo m\u00e1ximo de reserva es de tres d\u00edas naturales; si durante este plazo no ha sido consultado, el documento ser\u00e1 devuelto al dep\u00f3sito. Las unidades documentales que el usuario tenga reservadas tambi\u00e9n tendr\u00e1n que ser solicitadas mediante la hoja de pedido.<\/p>\n<ul style=\"text-align: justify\">\n<li><strong>Reprograf\u00eda<\/strong><\/li>\n<\/ul>\n<p style=\"text-align: justify\">Se permite la utilizaci\u00f3n de c\u00e1mara fotogr\u00e1fica siempre que sean reproducciones puntuales y no se haga uso del flash.<\/p>\n<p style=\"text-align: justify\">Se tiene que informar al responsable de la sala de consulta y rellenar el formulario de solicitud de permiso. No se permite la reproducci\u00f3n total de libros, de unidades documentales y de series.<\/p>\n<ul style=\"text-align: justify\">\n<li><strong>Otros aspectos<\/strong><\/li>\n<\/ul>\n<p style=\"text-align: justify\">Est\u00e1 prohibida la reproducci\u00f3n parcial o total de los instrumentos de descripci\u00f3n del Arxiu.<\/p>\n<p style=\"text-align: justify\">La reproducci\u00f3n de documentos procedentes del fondo del Arxiu se ha de solicitar previamente por escrito, y es obligatorio citar la procedencia de los documentos reproducidos.<\/p>\n<p style=\"text-align: justify\">Se han de depositar en el Arxiu dos ejemplares de los trabajos publicados en los cuales se haya utilizado alg\u00fan fondo del centro, con el fin de enriquecer la biblioteca auxiliar.<\/p>\n<p style=\"text-align: justify\">\n<p style=\"text-align: justify\"><strong>Esgl\u00e9sia de Tarragona. Butllet\u00ed Oficial de l\u2019Arquebisbat de Tarragona, juny de 2006, n\u00fam. 6, p\u00e0gs. 354-357.<\/strong><\/p>\n<p style=\"text-align: justify\">\n<p style=\"text-align: justify\">[:]<!--more--><\/p>\n","protected":false},"excerpt":{"rendered":"<p>El Arxiu Hist\u00f2ric Arxidioces\u00e0 de Tarragona es una instituci\u00f3n cultural, sin \u00e1nimo de lucro, que pertenece al Arzobispado de Tarragona cuya finalidad es conservar, restaurar y facilitar el acceso y la consulta de los fondos documentales que tiene en el dep\u00f3sito. Acceso al archivo El acceso al AHAT es libre. Para poder realizar consultas, el [&hellip;]<\/p>\n","protected":false},"author":35,"featured_media":0,"parent":3676,"menu_order":0,"comment_status":"closed","ping_status":"closed","template":"","meta":{"footnotes":""},"class_list":["post-3680","page","type-page","status-publish","hentry"],"amp_enabled":true,"_links":{"self":[{"href":"http:\/\/www.ahat.cat\/es\/wp-json\/wp\/v2\/pages\/3680","targetHints":{"allow":["GET"]}}],"collection":[{"href":"http:\/\/www.ahat.cat\/es\/wp-json\/wp\/v2\/pages"}],"about":[{"href":"http:\/\/www.ahat.cat\/es\/wp-json\/wp\/v2\/types\/page"}],"author":[{"embeddable":true,"href":"http:\/\/www.ahat.cat\/es\/wp-json\/wp\/v2\/users\/35"}],"replies":[{"embeddable":true,"href":"http:\/\/www.ahat.cat\/es\/wp-json\/wp\/v2\/comments?post=3680"}],"version-history":[{"count":0,"href":"http:\/\/www.ahat.cat\/es\/wp-json\/wp\/v2\/pages\/3680\/revisions"}],"up":[{"embeddable":true,"href":"http:\/\/www.ahat.cat\/es\/wp-json\/wp\/v2\/pages\/3676"}],"wp:attachment":[{"href":"http:\/\/www.ahat.cat\/es\/wp-json\/wp\/v2\/media?parent=3680"}],"curies":[{"name":"wp","href":"https:\/\/api.w.org\/{rel}","templated":true}]}}