{"id":3674,"date":"2013-11-05T15:43:40","date_gmt":"2013-11-05T15:43:40","guid":{"rendered":"http:\/\/www.ahat.cat\/informacion\/"},"modified":"2025-05-12T14:37:21","modified_gmt":"2025-05-12T14:37:21","slug":"informacion","status":"publish","type":"page","link":"http:\/\/www.ahat.cat\/es\/el-ahat\/informacion\/","title":{"rendered":"Informaci\u00f3n"},"content":{"rendered":"<p><span style=\"text-decoration: underline;color: #990033\"><strong>Direcci\u00f3n<\/strong><\/span><br \/>\n<strong>Arxiu Hist\u00f2ric Arxidioces\u00e0 de Tarragona<\/strong><br \/>\nCalle de Sant Pau, n\u00ba 2<br \/>\n43003 Tarragona<br \/>\nTel.: 977 25 33 60<br \/>\nA\/e: ahat@arqtgn.cat<\/p>\n<p><span style=\"text-decoration: underline\"><span style=\"color: #990033\"><strong>Horarios<\/strong><\/span><\/span><br \/>\nDe lunes a viernes de 09:00 a 13:00 h. La consulta presencial es con cita previa.<br \/>\nEl agosto est\u00e1 cerrado al p\u00fablico.<\/p>\n<div id=\"lmm_872fc862\" style=\"width:640px;\" class=\"mapsmarker markermap marker-1\">\n<div id=\"lmm_panel_872fc862\" class=\"lmm-panel\" style=\"background:#efefef;\">\n<div id=\"lmm_panel_api_872fc862\" class=\"lmm-panel-api\"><a href=\"https:\/\/maps.google.com\/maps?daddr=Carrer+Sant+Pau+2%2C+Tarragona&amp;t=m&amp;layer=1&amp;doflg=ptk&amp;om=0\" target=\"_blank\" title=\"Obtener indicaciones\"><img loading=\"lazy\" decoding=\"async\" alt=\"icon-car.png\" src=\"http:\/\/www.ahat.cat\/wp-content\/plugins\/leaflet-maps-marker\/inc\/img\/icon-car.png\" width=\"14\" height=\"14\" class=\"lmm-panel-api-images\" \/><\/a><\/div><div id=\"lmm_panel_text_872fc862\" class=\"lmm-panel-text\" style=\"font-weight:bold;color:#373737;\">Arxiu Hist\u00f2ric Arxidioces\u00e0 de Tarragona<\/div><\/div>\n<div id=\"lmm_map_872fc862\" class=\"lmm-map\" style=\"background:#f6f6f6;border:1px solid #ccc;height:480px; overflow:hidden;padding:0;\"><p style=\"font-size:80%;color:#9f9e9e;margin-left:5px;\">cargando mapa - por favor, espere...<noscript><br\/><strong>El mapa no ha podido ser cargado - por favor, \u00a1active Javascript!<\/strong><br\/><a style=\"text-decoration:none;\" href=\"https:\/\/www.mapsmarker.com\/js-disabled\" target=\"_blank\">&rarr; m\u00e1s informaci\u00f3n<\/a><\/noscript><\/p><\/div>\n<div id=\"lmm_geo_tags_872fc862\" class=\"lmm-geo-tags geo\">\n<span class=\"paneltext\">Arxiu Hist\u00f2ric Arxidioces\u00e0 de Tarragona<\/span>\n<span class=\"latitude\">41.120089<\/span>, <span class=\"longitude\">1.257902<\/span>\n<span class=\"popuptext\"><\/span>\n<\/div>\n<\/div>\n<p><span style=\"text-decoration: underline;color: #990033\"><strong>Lista de correo<\/strong><\/span><br \/>\nEl Arxiu Hist\u00f2ric Arxidioces\u00e0 de Tarragona ofrece la posibilidad de suscribirse a la lista de distribuci\u00f3n del AHAT para estar puntualmente informado de las \u00faltimas novedades, noticias y actividades relacionadas con el Archivo que puedan ser de su inter\u00e9s.<\/p>\n<p><span style=\"text-decoration: underline;color: #990033\"><strong>Personal<\/strong><\/span><\/p>\n<p><strong>-Director del AHAT:<\/strong><br \/>\nDr. Albert Viciano Vives<\/p>\n<p><strong>-T\u00e8cnico archivero del AHAT:<\/strong><br \/>\nSr. Joan Maria Quijada i Bosch<\/p>\n<p><strong>-T\u00e9cnica archivera responsable del Arxiu Hist\u00f2ric de l&#8217;Hospital de Sant Pau i Santa Tecla de Tarragona:<\/strong><br \/>\nSra. Neus S\u00e1nchez Pi\u00e9<\/p>\n<p><strong>-Voluntarios:<\/strong><br \/>\nDra. Montserrat Canela Grau<br \/>\nSra. Isabel Sanrom\u00e0 i Luci\u00e0<br \/>\nSr. Anton Maria Salvat Llaurador<\/p>\n<p><span style=\"text-decoration: underline\"><strong><span style=\"color: #990033;text-decoration: underline\">Servicios<\/span><\/strong><\/span><br \/>\n-Orientaci\u00f3n y asesoramiento en la investigaci\u00f3n.<br \/>\n-Visitas comentadas para grupos escolares o adultos previo acuerdo.<br \/>\n-Organizaci\u00f3n de cursos, conferencias y exposiciones.<br \/>\n-Biblioteca auxiliar con un fondo local muy notable.<\/p>\n","protected":false},"excerpt":{"rendered":"<p>Direcci\u00f3n Arxiu Hist\u00f2ric Arxidioces\u00e0 de Tarragona Calle de Sant Pau, n\u00ba 2 43003 Tarragona Tel.: 977 25 33 60 A\/e: ahat@arqtgn.cat Horarios De lunes a viernes de 09:00 a 13:00 h. La consulta presencial es con cita previa. El agosto est\u00e1 cerrado al p\u00fablico. Lista de correo El Arxiu Hist\u00f2ric Arxidioces\u00e0 de Tarragona ofrece la [&hellip;]<\/p>\n","protected":false},"author":35,"featured_media":0,"parent":3676,"menu_order":2,"comment_status":"closed","ping_status":"closed","template":"","meta":{"footnotes":""},"class_list":["post-3674","page","type-page","status-publish","hentry"],"amp_enabled":true,"_links":{"self":[{"href":"http:\/\/www.ahat.cat\/es\/wp-json\/wp\/v2\/pages\/3674","targetHints":{"allow":["GET"]}}],"collection":[{"href":"http:\/\/www.ahat.cat\/es\/wp-json\/wp\/v2\/pages"}],"about":[{"href":"http:\/\/www.ahat.cat\/es\/wp-json\/wp\/v2\/types\/page"}],"author":[{"embeddable":true,"href":"http:\/\/www.ahat.cat\/es\/wp-json\/wp\/v2\/users\/35"}],"replies":[{"embeddable":true,"href":"http:\/\/www.ahat.cat\/es\/wp-json\/wp\/v2\/comments?post=3674"}],"version-history":[{"count":15,"href":"http:\/\/www.ahat.cat\/es\/wp-json\/wp\/v2\/pages\/3674\/revisions"}],"predecessor-version":[{"id":6229,"href":"http:\/\/www.ahat.cat\/es\/wp-json\/wp\/v2\/pages\/3674\/revisions\/6229"}],"up":[{"embeddable":true,"href":"http:\/\/www.ahat.cat\/es\/wp-json\/wp\/v2\/pages\/3676"}],"wp:attachment":[{"href":"http:\/\/www.ahat.cat\/es\/wp-json\/wp\/v2\/media?parent=3674"}],"curies":[{"name":"wp","href":"https:\/\/api.w.org\/{rel}","templated":true}]}}